{"id":156348,"date":"2022-04-25T10:14:17","date_gmt":"2022-04-25T13:14:17","guid":{"rendered":"https:\/\/www.livrariarema.com.br\/loja\/produtos\/sem%20categoria\/no-principio-de-tudo-compartilhar-augustus-nicodemus-lopes\/"},"modified":"2026-02-20T13:27:24","modified_gmt":"2026-02-20T16:27:24","slug":"no-principio-de-tudo-compartilhar-augustus-nicodemus-lopes","status":"publish","type":"product","link":"https:\/\/www.livrariarema.com.br\/loja\/produtos\/promocao\/livros-promocao\/no-principio-de-tudo-compartilhar-augustus-nicodemus-lopes\/","title":{"rendered":"No Princ\u00edpio De Tudo &#8211; Augustus Nicodemus Lopes"},"content":{"rendered":"<p>Os primeiros cap\u00edtulos de G\u00eanesis narram o in\u00edcio de tudo, e neles temos os fundamentos para entender a Cria\u00e7\u00e3o, a Queda e a Reden\u00e7\u00e3o, entre outros temas essenciais \u00e0 f\u00e9 crist\u00e3.<\/p>\n<p>Nesta exposi\u00e7\u00e3o de G\u00eanesis 1-11, Augustus Nicodemus equipa os crist\u00e3os a darem respostas a um mundo absolutamente carente de sentido. Perguntas como &#8220;Por que existe algo em vez do nada?&#8221;,  &#8220;Por que existe o mal no mundo?&#8221;, &#8220;Por que as pessoas se matam e se odeiam, apesar de ter Deus feito o mundo bom?&#8221; e &#8220;Por que precisamos do evangelho e de um Redentor?&#8221; s\u00e3o tratadas com profundidade e clareza e, desta maneira, o leitor crist\u00e3o \u00e9 capacitado a obter respostas e compartilh\u00e1-las com pessoas interessadas \u00e0 sua volta.<\/p>\n<p>Com No princ\u00edpio de tudo, Nicodemus n\u00e3o somente desperta o nosso interesse por G\u00eanesis, mas tamb\u00e9m nos ajuda a ter plena consci\u00eancia da import\u00e2ncia do livro de G\u00eanesis para a compreens\u00e3o de toda a B\u00edblia e da import\u00e2ncia da aplica\u00e7\u00e3o do livro dos come\u00e7os \u00e0 nossa vida.<\/p>\n","protected":false},"excerpt":{"rendered":"<p>Os primeiros cap\u00edtulos de G\u00eanesis narram o in\u00edcio de tudo, e neles temos os fundamentos para entender a Cria\u00e7\u00e3o, a&hellip;<\/p>\n","protected":false},"featured_media":345048,"comment_status":"open","ping_status":"closed","template":"","meta":[],"product_cat":[143,142],"product_tag":[],"_links":{"self":[{"href":"https:\/\/www.livrariarema.com.br\/loja\/wp-json\/wp\/v2\/product\/156348"}],"collection":[{"href":"https:\/\/www.livrariarema.com.br\/loja\/wp-json\/wp\/v2\/product"}],"about":[{"href":"https:\/\/www.livrariarema.com.br\/loja\/wp-json\/wp\/v2\/types\/product"}],"replies":[{"embeddable":true,"href":"https:\/\/www.livrariarema.com.br\/loja\/wp-json\/wp\/v2\/comments?post=156348"}],"wp:featuredmedia":[{"embeddable":true,"href":"https:\/\/www.livrariarema.com.br\/loja\/wp-json\/wp\/v2\/media\/345048"}],"wp:attachment":[{"href":"https:\/\/www.livrariarema.com.br\/loja\/wp-json\/wp\/v2\/media?parent=156348"}],"wp:term":[{"taxonomy":"product_cat","embeddable":true,"href":"https:\/\/www.livrariarema.com.br\/loja\/wp-json\/wp\/v2\/product_cat?post=156348"},{"taxonomy":"product_tag","embeddable":true,"href":"https:\/\/www.livrariarema.com.br\/loja\/wp-json\/wp\/v2\/product_tag?post=156348"}],"curies":[{"name":"wp","href":"https:\/\/api.w.org\/{rel}","templated":true}]}}