{"id":156350,"date":"2022-04-25T10:14:22","date_gmt":"2022-04-25T13:14:22","guid":{"rendered":"https:\/\/www.livrariarema.com.br\/loja\/produtos\/sem categoria\/quando-jesus-confronta-o-mundo-d-a-carson\/"},"modified":"2026-02-20T13:32:41","modified_gmt":"2026-02-20T16:32:41","slug":"quando-jesus-confronta-o-mundo-d-a-carson","status":"publish","type":"product","link":"https:\/\/www.livrariarema.com.br\/loja\/produtos\/promocao\/livros-promocao\/quando-jesus-confronta-o-mundo-d-a-carson\/","title":{"rendered":"Quando Jesus Confronta O Mundo &#8211; D. A. Carson"},"content":{"rendered":"<p>O CONFRONTO ENTRE CRISTO E O MUNDO AJUDA A ESCLARECER TANTO A NATUREZA DE CRISTO QUANTO A DO MUNDO.<\/p>\n<p>Nesta brilhante exposi\u00e7\u00e3o de Mateus 8-10, Carson destaca o surpreendente valor dos acontecimentos no minist\u00e9rio de Jesus, que provocam uma reviravolta nos valores do mundo, substituindo-os pelos do reino de Deus.<\/p>\n<p>O Evangelho de Mateus enfrenta quest\u00f5es que s\u00e3o notavelmente importantes para o mundo de hoje. O ensino do Senhor, registrado nesses tr\u00eas cap\u00edtulos, \u00e9 explicado com fidelidade e min\u00facia. Ao lan\u00e7ar m\u00e3o de ilustra\u00e7\u00f5es da m\u00eddia e da pol\u00edtica, o autor contrasta a situa\u00e7\u00e3o atual do nosso mundo a partir de uma abordagem din\u00e2mica e erudita das Escrituras.<\/p>\n<p>Entretanto, assuntos delicados como os milagres e as curas, a realidade do inferno e a natureza da f\u00e9 na vida crist\u00e3 n\u00e3o recebem um tratamento distanciado, como se costuma ver em obras estritamente acad\u00eamicas. Carson sabe mais do que ningu\u00e9m que a leitura da B\u00edblia que re\u00fane erudi\u00e7\u00e3o e piedade \u00e9 a \u00fanica que tem o poder de provocar uma reviravolta nos valores do mundo.<\/p>\n","protected":false},"excerpt":{"rendered":"<p>O CONFRONTO ENTRE CRISTO E O MUNDO AJUDA A ESCLARECER TANTO A NATUREZA DE CRISTO QUANTO A DO MUNDO. Nesta&hellip;<\/p>\n","protected":false},"featured_media":345075,"comment_status":"open","ping_status":"closed","template":"","meta":[],"product_cat":[143,142],"product_tag":[],"_links":{"self":[{"href":"https:\/\/www.livrariarema.com.br\/loja\/wp-json\/wp\/v2\/product\/156350"}],"collection":[{"href":"https:\/\/www.livrariarema.com.br\/loja\/wp-json\/wp\/v2\/product"}],"about":[{"href":"https:\/\/www.livrariarema.com.br\/loja\/wp-json\/wp\/v2\/types\/product"}],"replies":[{"embeddable":true,"href":"https:\/\/www.livrariarema.com.br\/loja\/wp-json\/wp\/v2\/comments?post=156350"}],"wp:featuredmedia":[{"embeddable":true,"href":"https:\/\/www.livrariarema.com.br\/loja\/wp-json\/wp\/v2\/media\/345075"}],"wp:attachment":[{"href":"https:\/\/www.livrariarema.com.br\/loja\/wp-json\/wp\/v2\/media?parent=156350"}],"wp:term":[{"taxonomy":"product_cat","embeddable":true,"href":"https:\/\/www.livrariarema.com.br\/loja\/wp-json\/wp\/v2\/product_cat?post=156350"},{"taxonomy":"product_tag","embeddable":true,"href":"https:\/\/www.livrariarema.com.br\/loja\/wp-json\/wp\/v2\/product_tag?post=156350"}],"curies":[{"name":"wp","href":"https:\/\/api.w.org\/{rel}","templated":true}]}}