{"id":156663,"date":"2022-04-26T11:09:04","date_gmt":"2022-04-26T14:09:04","guid":{"rendered":"https:\/\/www.livrariarema.com.br\/loja\/produtos\/sem%20categoria\/arte-fe-makoto-fujimura\/"},"modified":"2026-02-24T12:16:45","modified_gmt":"2026-02-24T15:16:45","slug":"arte-fe-makoto-fujimura","status":"publish","type":"product","link":"https:\/\/www.livrariarema.com.br\/loja\/produtos\/livros\/fe\/arte-fe-makoto-fujimura\/","title":{"rendered":"Arte + F\u00e9 &#8211; Makoto Fujimura"},"content":{"rendered":"<p>A IMAGINA\u00c7\u00c3O E A CRIATIVIDADE COMO PARTES ESSENCIAIS DA JORNADA DE F\u00c9<\/p>\n<p>Este n\u00e3o \u00e9 um livro para te\u00f3logos, nem somente para artistas. Na verdade, este \u00e9 um livro sobre como aplicar o conhecimento de Deus a tudo o que fazemos. Resultado de trinta anos de pintura e cria\u00e7\u00e3o, Arte e f\u00e9 \u00e9 a explora\u00e7\u00e3o ampla e profunda de Makoto Fujimura a respeito da criatividade e dos aspectos espirituais do &#8220;criar&#8221;. Como afirma o autor, seu trabalho no est\u00fadio \u00e9 tanto teol\u00f3gico quanto est\u00e9tico, pois, ao derramar minerais preciosos e pulverizados em papel artesanal para criar as superf\u00edcies prism\u00e1ticas e refrativas de sua arte, Fujimura exerce as disciplinas de espera, ora\u00e7\u00e3o e louvor.<\/p>\n<p>Partindo de uma rica exegese b\u00edblica, combinada a experi\u00eancias pessoais e a tradi\u00e7\u00f5es art\u00edsticas japonesas, Fujimura mostra que a B\u00edblia, ao apresentar Deus como &#8220;Criador&#8221; e a &#8220;Nova Cria\u00e7\u00e3o&#8221; inaugurada em Cristo, convida os crist\u00e3os a intervir na realidade fraturada a fim de produzir frutos de beleza e reden\u00e7\u00e3o. \u00c9 isso o que Fujimura faz ao antecipar na sua arte o mundo glorioso que surgir\u00e1 quando o plano redentor de Deus se completar &#8211; uma tarefa da qual ele nos incentiva a ser participantes.<\/p>\n","protected":false},"excerpt":{"rendered":"<p>A IMAGINA\u00c7\u00c3O E A CRIATIVIDADE COMO PARTES ESSENCIAIS DA JORNADA DE F\u00c9 Este n\u00e3o \u00e9 um livro para te\u00f3logos, nem&hellip;<\/p>\n","protected":false},"featured_media":345256,"comment_status":"open","ping_status":"closed","template":"","meta":[],"product_cat":[187,134],"product_tag":[],"_links":{"self":[{"href":"https:\/\/www.livrariarema.com.br\/loja\/wp-json\/wp\/v2\/product\/156663"}],"collection":[{"href":"https:\/\/www.livrariarema.com.br\/loja\/wp-json\/wp\/v2\/product"}],"about":[{"href":"https:\/\/www.livrariarema.com.br\/loja\/wp-json\/wp\/v2\/types\/product"}],"replies":[{"embeddable":true,"href":"https:\/\/www.livrariarema.com.br\/loja\/wp-json\/wp\/v2\/comments?post=156663"}],"wp:featuredmedia":[{"embeddable":true,"href":"https:\/\/www.livrariarema.com.br\/loja\/wp-json\/wp\/v2\/media\/345256"}],"wp:attachment":[{"href":"https:\/\/www.livrariarema.com.br\/loja\/wp-json\/wp\/v2\/media?parent=156663"}],"wp:term":[{"taxonomy":"product_cat","embeddable":true,"href":"https:\/\/www.livrariarema.com.br\/loja\/wp-json\/wp\/v2\/product_cat?post=156663"},{"taxonomy":"product_tag","embeddable":true,"href":"https:\/\/www.livrariarema.com.br\/loja\/wp-json\/wp\/v2\/product_tag?post=156663"}],"curies":[{"name":"wp","href":"https:\/\/api.w.org\/{rel}","templated":true}]}}