{"id":156665,"date":"2022-04-26T11:09:09","date_gmt":"2022-04-26T14:09:09","guid":{"rendered":"https:\/\/www.livrariarema.com.br\/loja\/produtos\/sem%20categoria\/ortodoxia-radical-e-a-tradicao-reformada-a-james-k-a-smith-james-h-olthuis\/"},"modified":"2026-02-24T17:23:35","modified_gmt":"2026-02-24T20:23:35","slug":"ortodoxia-radical-e-a-tradicao-reformada-a-james-k-a-smith-james-h-olthuis","status":"publish","type":"product","link":"https:\/\/www.livrariarema.com.br\/loja\/produtos\/promocao\/livros-promocao\/ortodoxia-radical-e-a-tradicao-reformada-a-james-k-a-smith-james-h-olthuis\/","title":{"rendered":"Ortodoxia Radical E A Tradi\u00e7\u00e3o Reformada, A &#8211; James K.A. Smith, James H. Olthuis"},"content":{"rendered":"<p>NADA \u00c9 SECULAR<br \/>\nAs proposi\u00e7\u00f5es da ortodoxia radical &#8211; movimento de matriz anglo-cat\u00f3lica com in\u00edcio na d\u00e9cada de 1990, em Cambridge -, tais como a defesa de que todo o mundo material participa do transcendente e, portanto, a f\u00e9 precede o conhecimento, encontraram ideias equivalentes em importantes vozes da tradi\u00e7\u00e3o reformada. <br \/>\nAs poss\u00edveis concord\u00e2ncias e disson\u00e2ncias entre as duas linhas de pensamento deram ensejo a um oportuno debate sobre temas caros aos c\u00edrculos teol\u00f3gicos e filos\u00f3ficos, entre eles o secularismo, a est\u00e9tica, a pol\u00edtica, a alian\u00e7a e a teoria cultural.<br \/>\nEm A ortodoxia radical e a tradi\u00e7\u00e3o reformada, tal debate assume a forma escrita em artigos assinados por intelectuais de renome, como John Milbank, Michael S. Horton e Hans Boersma, entre outros. Liderados por James K. A. Smith, os ensa\u00edstas dialogam e respondem \u00e0s proposi\u00e7\u00f5es da ortodoxia radical. Como Smith afirma, &#8220;a expectativa era que a ortodoxia radical oferecesse lentes corretivas para alguns aspectos m\u00edopes da tradi\u00e7\u00e3o reformada, mas tamb\u00e9m acredit\u00e1vamos que havia formas pelas quais a ortodoxia radical poderia se beneficiar de um pouco de reforma&#8221;.<\/p>\n","protected":false},"excerpt":{"rendered":"<p>NADA \u00c9 SECULAR As proposi\u00e7\u00f5es da ortodoxia radical &#8211; movimento de matriz anglo-cat\u00f3lica com in\u00edcio na d\u00e9cada de 1990, em&hellip;<\/p>\n","protected":false},"featured_media":345405,"comment_status":"open","ping_status":"closed","template":"","meta":[],"product_cat":[143,142],"product_tag":[],"_links":{"self":[{"href":"https:\/\/www.livrariarema.com.br\/loja\/wp-json\/wp\/v2\/product\/156665"}],"collection":[{"href":"https:\/\/www.livrariarema.com.br\/loja\/wp-json\/wp\/v2\/product"}],"about":[{"href":"https:\/\/www.livrariarema.com.br\/loja\/wp-json\/wp\/v2\/types\/product"}],"replies":[{"embeddable":true,"href":"https:\/\/www.livrariarema.com.br\/loja\/wp-json\/wp\/v2\/comments?post=156665"}],"wp:featuredmedia":[{"embeddable":true,"href":"https:\/\/www.livrariarema.com.br\/loja\/wp-json\/wp\/v2\/media\/345405"}],"wp:attachment":[{"href":"https:\/\/www.livrariarema.com.br\/loja\/wp-json\/wp\/v2\/media?parent=156665"}],"wp:term":[{"taxonomy":"product_cat","embeddable":true,"href":"https:\/\/www.livrariarema.com.br\/loja\/wp-json\/wp\/v2\/product_cat?post=156665"},{"taxonomy":"product_tag","embeddable":true,"href":"https:\/\/www.livrariarema.com.br\/loja\/wp-json\/wp\/v2\/product_tag?post=156665"}],"curies":[{"name":"wp","href":"https:\/\/api.w.org\/{rel}","templated":true}]}}