{"id":156814,"date":"2022-04-26T14:21:25","date_gmt":"2022-04-26T17:21:25","guid":{"rendered":"https:\/\/www.livrariarema.com.br\/loja\/produtos\/sem categoria\/na085tilsgilvz-biblia-letra-supergigante-preta\/"},"modified":"2026-05-05T16:20:34","modified_gmt":"2026-05-05T19:20:34","slug":"na085tilsgilvz-biblia-letra-supergigante-preta","status":"publish","type":"product","link":"https:\/\/www.livrariarema.com.br\/loja\/produtos\/biblias\/nova-almeida-atualizada\/na085tilsgilvz-biblia-letra-supergigante-preta\/","title":{"rendered":"Na085tilsgilvz &#8211; B\u00edblia &#8211; Letra Supergigante &#8211; Preta"},"content":{"rendered":"<p>Com um visual elegante e moderno, esta B\u00edblia com letra supergigante oferece uma experi\u00eancia de leitura mais din\u00e2mica e agrad\u00e1vel.<\/p>\n<p>Recurso:<br \/>\n&#8211; Como encontrar ajuda na B\u00edblia<br \/>\n&#8211; Palavras de Jesus impressas em Vermelho<\/p>\n","protected":false},"excerpt":{"rendered":"<p>Com um visual elegante e moderno, esta B\u00edblia com letra supergigante oferece uma experi\u00eancia de leitura mais din\u00e2mica e agrad\u00e1vel.&hellip;<\/p>\n","protected":false},"featured_media":347593,"comment_status":"open","ping_status":"closed","template":"","meta":[],"product_cat":[139,174],"product_tag":[],"_links":{"self":[{"href":"https:\/\/www.livrariarema.com.br\/loja\/wp-json\/wp\/v2\/product\/156814"}],"collection":[{"href":"https:\/\/www.livrariarema.com.br\/loja\/wp-json\/wp\/v2\/product"}],"about":[{"href":"https:\/\/www.livrariarema.com.br\/loja\/wp-json\/wp\/v2\/types\/product"}],"replies":[{"embeddable":true,"href":"https:\/\/www.livrariarema.com.br\/loja\/wp-json\/wp\/v2\/comments?post=156814"}],"wp:featuredmedia":[{"embeddable":true,"href":"https:\/\/www.livrariarema.com.br\/loja\/wp-json\/wp\/v2\/media\/347593"}],"wp:attachment":[{"href":"https:\/\/www.livrariarema.com.br\/loja\/wp-json\/wp\/v2\/media?parent=156814"}],"wp:term":[{"taxonomy":"product_cat","embeddable":true,"href":"https:\/\/www.livrariarema.com.br\/loja\/wp-json\/wp\/v2\/product_cat?post=156814"},{"taxonomy":"product_tag","embeddable":true,"href":"https:\/\/www.livrariarema.com.br\/loja\/wp-json\/wp\/v2\/product_tag?post=156814"}],"curies":[{"name":"wp","href":"https:\/\/api.w.org\/{rel}","templated":true}]}}