{"id":157496,"date":"2022-04-29T14:03:28","date_gmt":"2022-04-29T17:03:28","guid":{"rendered":"https:\/\/www.livrariarema.com.br\/loja\/produtos\/sem categoria\/e-pediu-para-si-a-morte-willibaldo-ruppenthal-neto-e-renato-da-costa-bastos\/"},"modified":"2024-05-09T17:47:29","modified_gmt":"2024-05-09T20:47:29","slug":"e-pediu-para-si-a-morte-willibaldo-ruppenthal-neto-e-renato-da-costa-bastos","status":"publish","type":"product","link":"https:\/\/www.livrariarema.com.br\/loja\/produtos\/livros\/cura-libertacao\/e-pediu-para-si-a-morte-willibaldo-ruppenthal-neto-e-renato-da-costa-bastos\/","title":{"rendered":"E Pediu Para Si A Morte &#8211; Willibaldo Ruppenthal Neto E Renato Da Costa Bastos"},"content":{"rendered":"<p>Para al\u00e9m dos casos de suic\u00eddio na B\u00edblia, h\u00e1 tamb\u00e9m os casos de preven\u00e7\u00e3o ao suic\u00eddio: pessoas que quase desistiram, chegando ao ponto de pedirem para si a morte, mas que foram amparadas e cuidadas por Deus. Estes personagens, que s\u00e3o Mois\u00e9s, Elias, J\u00f3, Jonas, Rebeca, Jeremias e Davi, t\u00eam muito a nos ensinar, assim como podemos aprender com a forma com que Deus cuidou de cada um deles. Afinal, ao inv\u00e9s de conden\u00e1-los, Deus mostrou seu cuidado, ouvindo e amando eles. E n\u00f3s, vendo o sofrimento destes personagens b\u00edblicos que receberam a aten\u00e7\u00e3o de Deus, podemos aprender n\u00e3o somente que devemos cuidar daqueles que sofrem, mas tamb\u00e9m podemos aprender como cuidar daqueles que chegam ao ponto de desejarem a morte.<\/p>\n","protected":false},"excerpt":{"rendered":"<p>Para al\u00e9m dos casos de suic\u00eddio na B\u00edblia, h\u00e1 tamb\u00e9m os casos de preven\u00e7\u00e3o ao suic\u00eddio: pessoas que quase desistiram,&hellip;<\/p>\n","protected":false},"featured_media":296478,"comment_status":"open","ping_status":"closed","template":"","meta":[],"product_cat":[157,134],"product_tag":[],"_links":{"self":[{"href":"https:\/\/www.livrariarema.com.br\/loja\/wp-json\/wp\/v2\/product\/157496"}],"collection":[{"href":"https:\/\/www.livrariarema.com.br\/loja\/wp-json\/wp\/v2\/product"}],"about":[{"href":"https:\/\/www.livrariarema.com.br\/loja\/wp-json\/wp\/v2\/types\/product"}],"replies":[{"embeddable":true,"href":"https:\/\/www.livrariarema.com.br\/loja\/wp-json\/wp\/v2\/comments?post=157496"}],"wp:featuredmedia":[{"embeddable":true,"href":"https:\/\/www.livrariarema.com.br\/loja\/wp-json\/wp\/v2\/media\/296478"}],"wp:attachment":[{"href":"https:\/\/www.livrariarema.com.br\/loja\/wp-json\/wp\/v2\/media?parent=157496"}],"wp:term":[{"taxonomy":"product_cat","embeddable":true,"href":"https:\/\/www.livrariarema.com.br\/loja\/wp-json\/wp\/v2\/product_cat?post=157496"},{"taxonomy":"product_tag","embeddable":true,"href":"https:\/\/www.livrariarema.com.br\/loja\/wp-json\/wp\/v2\/product_tag?post=157496"}],"curies":[{"name":"wp","href":"https:\/\/api.w.org\/{rel}","templated":true}]}}