{"id":160116,"date":"2022-05-16T15:51:20","date_gmt":"2022-05-16T18:51:20","guid":{"rendered":"https:\/\/www.livrariarema.com.br\/loja\/produtos\/sem%20categoria\/daniel-diego-fraguas\/"},"modified":"2026-02-26T13:20:31","modified_gmt":"2026-02-26T16:20:31","slug":"daniel-diego-fraguas","status":"publish","type":"product","link":"https:\/\/www.livrariarema.com.br\/loja\/produtos\/livros\/infantil\/daniel-diego-fraguas\/","title":{"rendered":"Daniel &#8211; Diego Fraguas"},"content":{"rendered":"<p>Ele exerceu a f\u00e9 em um ambiente contr\u00e1rio aos princ\u00edpios de Deus<\/p>\n<p>Daniel conta a hist\u00f3ria do profeta de Deus que foi lan\u00e7ado na cova dos le\u00f5es. Com texto acess\u00edvel ao p\u00fablico e com base na narrativa b\u00edblica, a obra aborda os principais acontecimentos da vida do israelita, de Jerusal\u00e9m a Babil\u00f4nia, revelando sua trajet\u00f3ria nos reinados de Nabucodonosor, Belsazar e Dario.<\/p>\n<p>As ilustra\u00e7\u00f5es, no estilo cartoon, complementam o texto e geram leveza. \u00c9 um livro que inspira a pr\u00e1tica da f\u00e9, mesmo em um ambiente contr\u00e1rio aos princ\u00edpios crist\u00e3os, e o h\u00e1bito da ora\u00e7\u00e3o, como exemplo de fidelidade a Deus. Entenda de onde vinha a intelig\u00eancia de Daniel, como n\u00e3o se contaminou com o mal, qual foi a sua recompensa e muito mais. Por meio dessa publica\u00e7\u00e3o, os pequeninos ser\u00e3o estimulados a ter coragem para servir a Deus.<\/p>\n<p>Al\u00e9m da leitura, a crian\u00e7a poder\u00e1 acompanhar o conte\u00fado por v\u00eddeo, no estilo motion graphics, e cantar e dan\u00e7ar ao som do clipe Servo Daniel, na voz da cantora Kelly Benigno. Basta escanear o QR Code no interior do livro e acessar o projeto Hist\u00f3rias Inesquec\u00edveis, no YouTube da Gra\u00e7a Kids.<\/p>\n","protected":false},"excerpt":{"rendered":"<p>Ele exerceu a f\u00e9 em um ambiente contr\u00e1rio aos princ\u00edpios de Deus Daniel conta a hist\u00f3ria do profeta de Deus&hellip;<\/p>\n","protected":false},"featured_media":286112,"comment_status":"open","ping_status":"closed","template":"","meta":[],"product_cat":[144,134],"product_tag":[],"_links":{"self":[{"href":"https:\/\/www.livrariarema.com.br\/loja\/wp-json\/wp\/v2\/product\/160116"}],"collection":[{"href":"https:\/\/www.livrariarema.com.br\/loja\/wp-json\/wp\/v2\/product"}],"about":[{"href":"https:\/\/www.livrariarema.com.br\/loja\/wp-json\/wp\/v2\/types\/product"}],"replies":[{"embeddable":true,"href":"https:\/\/www.livrariarema.com.br\/loja\/wp-json\/wp\/v2\/comments?post=160116"}],"wp:featuredmedia":[{"embeddable":true,"href":"https:\/\/www.livrariarema.com.br\/loja\/wp-json\/wp\/v2\/media\/286112"}],"wp:attachment":[{"href":"https:\/\/www.livrariarema.com.br\/loja\/wp-json\/wp\/v2\/media?parent=160116"}],"wp:term":[{"taxonomy":"product_cat","embeddable":true,"href":"https:\/\/www.livrariarema.com.br\/loja\/wp-json\/wp\/v2\/product_cat?post=160116"},{"taxonomy":"product_tag","embeddable":true,"href":"https:\/\/www.livrariarema.com.br\/loja\/wp-json\/wp\/v2\/product_tag?post=160116"}],"curies":[{"name":"wp","href":"https:\/\/api.w.org\/{rel}","templated":true}]}}