{"id":160118,"date":"2022-05-16T15:51:25","date_gmt":"2022-05-16T18:51:25","guid":{"rendered":"https:\/\/www.livrariarema.com.br\/loja\/produtos\/sem%20categoria\/jonas-diego-fraguas\/"},"modified":"2025-12-08T14:21:43","modified_gmt":"2025-12-08T17:21:43","slug":"jonas-diego-fraguas","status":"publish","type":"product","link":"https:\/\/www.livrariarema.com.br\/loja\/produtos\/livros\/infantil\/jonas-diego-fraguas\/","title":{"rendered":"Jonas &#8211; Diego Fraguas"},"content":{"rendered":"<p>O profeta que recusou o seu chamado por n\u00e3o entender o amor de Deus pela humanidade.<\/p>\n<p>O selo infantojuvenil Gra\u00e7a Kids, da Gra\u00e7a Editorial, acaba de lan\u00e7ar o livro Jonas. Com ilustra\u00e7\u00f5es no estilo cartoon, a obra revela os epis\u00f3dios da vida desse profeta, que tentou fugir de Deus para n\u00e3o anunciar a Palavra e foi parar na barriga de um grande peixe. Escrito em uma linguagem moderna, simples e agrad\u00e1vel, a publica\u00e7\u00e3o convida o leitor mirim a compreender o cerne da narrativa de Jonas: o amor e a miseric\u00f3rdia do Alt\u00edssimo pela humanidade.<\/p>\n<p>O texto tem base na narrativa b\u00edblica e permeia a hist\u00f3ria do &#8220;profeta fuj\u00e3o&#8221;. A leitura, que pode ser compartilhada com a media\u00e7\u00e3o dos pais ou professores de escola b\u00edblica, possui diversos pontos de reflex\u00e3o: \u00e9 poss\u00edvel se esconder de Deus? O Criador nos d\u00e1 uma segunda chance? Ele ama a todos? A hist\u00f3ria \u00e9 impactante e ser\u00e1 semeada no cora\u00e7\u00e3o dos pequeninos no tempo em que o amor de muitos tem se esfriado.<\/p>\n<p>A crian\u00e7a tamb\u00e9m poder\u00e1 acompanhar o conte\u00fado por v\u00eddeo e cantar e dan\u00e7ar ao som do clipe Jonas, o profeta fuj\u00e3o. Basta escanear o QR Code no interior do livro e acessar o projeto Hist\u00f3rias Inesquec\u00edveis no YouTube da Gra\u00e7a Kids.<\/p>\n","protected":false},"excerpt":{"rendered":"<p>O profeta que recusou o seu chamado por n\u00e3o entender o amor de Deus pela humanidade. O selo infantojuvenil Gra\u00e7a&hellip;<\/p>\n","protected":false},"featured_media":322954,"comment_status":"open","ping_status":"closed","template":"","meta":[],"product_cat":[144,134],"product_tag":[],"_links":{"self":[{"href":"https:\/\/www.livrariarema.com.br\/loja\/wp-json\/wp\/v2\/product\/160118"}],"collection":[{"href":"https:\/\/www.livrariarema.com.br\/loja\/wp-json\/wp\/v2\/product"}],"about":[{"href":"https:\/\/www.livrariarema.com.br\/loja\/wp-json\/wp\/v2\/types\/product"}],"replies":[{"embeddable":true,"href":"https:\/\/www.livrariarema.com.br\/loja\/wp-json\/wp\/v2\/comments?post=160118"}],"wp:featuredmedia":[{"embeddable":true,"href":"https:\/\/www.livrariarema.com.br\/loja\/wp-json\/wp\/v2\/media\/322954"}],"wp:attachment":[{"href":"https:\/\/www.livrariarema.com.br\/loja\/wp-json\/wp\/v2\/media?parent=160118"}],"wp:term":[{"taxonomy":"product_cat","embeddable":true,"href":"https:\/\/www.livrariarema.com.br\/loja\/wp-json\/wp\/v2\/product_cat?post=160118"},{"taxonomy":"product_tag","embeddable":true,"href":"https:\/\/www.livrariarema.com.br\/loja\/wp-json\/wp\/v2\/product_tag?post=160118"}],"curies":[{"name":"wp","href":"https:\/\/api.w.org\/{rel}","templated":true}]}}