{"id":161680,"date":"2022-05-27T12:19:02","date_gmt":"2022-05-27T15:19:02","guid":{"rendered":"https:\/\/www.livrariarema.com.br\/loja\/produtos\/sem categoria\/pes-como-os-da-corca-nos-lugares-altos-hannah-hurnard-2\/"},"modified":"2026-04-01T11:12:13","modified_gmt":"2026-04-01T14:12:13","slug":"pes-como-os-da-corca-nos-lugares-altos-hannah-hurnard-2","status":"publish","type":"product","link":"https:\/\/www.livrariarema.com.br\/loja\/produtos\/livros\/ficcao\/pes-como-os-da-corca-nos-lugares-altos-hannah-hurnard-2\/","title":{"rendered":"P\u00e9s Como Os Da Cor\u00e7a Nos Lugares Altos &#8211; Hannah Hurnard"},"content":{"rendered":"<p>P\u00e9s como os da cor\u00e7a nos lugares altos \u00e9 uma bela alegoria da constante jornada dos filhos de Deus em busca dos Lugares Altos do amor , da alegria e da vit\u00f3ria. Este \u00e9 tamb\u00e9m o livro mais conhecido e amado de Hannah Hurnard.<br \/>\nReceba inspira\u00e7\u00e3o e encorajamento ao descobrir como Grande-Medrosa, acompanhada de Tristeza e Sofrimento, venceu seus angustiantes temores ao transpor perigos e montanhas em busca dos Lugares altos.<\/p>\n","protected":false},"excerpt":{"rendered":"<p>P\u00e9s como os da cor\u00e7a nos lugares altos \u00e9 uma bela alegoria da constante jornada dos filhos de Deus em&hellip;<\/p>\n","protected":false},"featured_media":345922,"comment_status":"open","ping_status":"closed","template":"","meta":[],"product_cat":[162,134],"product_tag":[],"_links":{"self":[{"href":"https:\/\/www.livrariarema.com.br\/loja\/wp-json\/wp\/v2\/product\/161680"}],"collection":[{"href":"https:\/\/www.livrariarema.com.br\/loja\/wp-json\/wp\/v2\/product"}],"about":[{"href":"https:\/\/www.livrariarema.com.br\/loja\/wp-json\/wp\/v2\/types\/product"}],"replies":[{"embeddable":true,"href":"https:\/\/www.livrariarema.com.br\/loja\/wp-json\/wp\/v2\/comments?post=161680"}],"wp:featuredmedia":[{"embeddable":true,"href":"https:\/\/www.livrariarema.com.br\/loja\/wp-json\/wp\/v2\/media\/345922"}],"wp:attachment":[{"href":"https:\/\/www.livrariarema.com.br\/loja\/wp-json\/wp\/v2\/media?parent=161680"}],"wp:term":[{"taxonomy":"product_cat","embeddable":true,"href":"https:\/\/www.livrariarema.com.br\/loja\/wp-json\/wp\/v2\/product_cat?post=161680"},{"taxonomy":"product_tag","embeddable":true,"href":"https:\/\/www.livrariarema.com.br\/loja\/wp-json\/wp\/v2\/product_tag?post=161680"}],"curies":[{"name":"wp","href":"https:\/\/api.w.org\/{rel}","templated":true}]}}