{"id":161684,"date":"2022-05-27T12:19:13","date_gmt":"2022-05-27T15:19:13","guid":{"rendered":"https:\/\/www.livrariarema.com.br\/loja\/produtos\/sem categoria\/caminho-da-felicidade-o-ana-paula-valadao-bessa-gustavo-bessa\/"},"modified":"2026-05-06T15:23:29","modified_gmt":"2026-05-06T18:23:29","slug":"caminho-da-felicidade-o-ana-paula-valadao-bessa-gustavo-bessa","status":"publish","type":"product","link":"https:\/\/www.livrariarema.com.br\/loja\/produtos\/promocao\/livros-promocao\/caminho-da-felicidade-o-ana-paula-valadao-bessa-gustavo-bessa\/","title":{"rendered":"Caminho Da Felicidade, O &#8211; Ana Paula Valad\u00e3o Bessa, Gustavo Bessa"},"content":{"rendered":"<p>O QUE \u00c9 A FELICIDADE?<\/p>\n<p>Felicidade \u00e9 um tema complexo com diversas nuances, mas o que \u00e9 na pr\u00e1tica?<br \/>\nDiversos fil\u00f3sofos cunharam suas pr\u00f3prias defini\u00e7\u00f5es de felicidade. Este livro est\u00e1 baseado na \u00fanica pessoa que pode nos apontar o verdadeiro caminho da felicidade: Jesus. Inicialmente, Gustavo e Ana Paula apresentam a descri\u00e7\u00e3o de Jesus para felicidade no Serm\u00e3o do Monte. Para expandir a vis\u00e3o b\u00edblica do tema, apresentam diferentes pontos de vista, todos baseados nas Escrituras, com o ap\u00f3stolo Paulo e com Jo\u00e3o. Em uma abordagem pr\u00e1tica, est\u00e3o presentes os temas do cultivo de uma vida feliz, colocando em foco a import\u00e2ncia do descanso e mostrando a felicidade presente no nosso cotidiano em cap\u00edtulos sobre o casamento e o trabalho.<br \/>\nDe uma maneira que prende o leitor do in\u00edcio ao fim, O Caminho da Felicidade chegou para mostrar que \u00e9 poss\u00edvel ter uma vida feliz quando a vivemos diante do trono.<\/p>\n","protected":false},"excerpt":{"rendered":"<p>O QUE \u00c9 A FELICIDADE? Felicidade \u00e9 um tema complexo com diversas nuances, mas o que \u00e9 na pr\u00e1tica? Diversos&hellip;<\/p>\n","protected":false},"featured_media":347954,"comment_status":"open","ping_status":"closed","template":"","meta":[],"product_cat":[143,142],"product_tag":[],"_links":{"self":[{"href":"https:\/\/www.livrariarema.com.br\/loja\/wp-json\/wp\/v2\/product\/161684"}],"collection":[{"href":"https:\/\/www.livrariarema.com.br\/loja\/wp-json\/wp\/v2\/product"}],"about":[{"href":"https:\/\/www.livrariarema.com.br\/loja\/wp-json\/wp\/v2\/types\/product"}],"replies":[{"embeddable":true,"href":"https:\/\/www.livrariarema.com.br\/loja\/wp-json\/wp\/v2\/comments?post=161684"}],"wp:featuredmedia":[{"embeddable":true,"href":"https:\/\/www.livrariarema.com.br\/loja\/wp-json\/wp\/v2\/media\/347954"}],"wp:attachment":[{"href":"https:\/\/www.livrariarema.com.br\/loja\/wp-json\/wp\/v2\/media?parent=161684"}],"wp:term":[{"taxonomy":"product_cat","embeddable":true,"href":"https:\/\/www.livrariarema.com.br\/loja\/wp-json\/wp\/v2\/product_cat?post=161684"},{"taxonomy":"product_tag","embeddable":true,"href":"https:\/\/www.livrariarema.com.br\/loja\/wp-json\/wp\/v2\/product_tag?post=161684"}],"curies":[{"name":"wp","href":"https:\/\/api.w.org\/{rel}","templated":true}]}}