{"id":161768,"date":"2022-05-27T16:27:40","date_gmt":"2022-05-27T19:27:40","guid":{"rendered":"https:\/\/www.livrariarema.com.br\/loja\/produtos\/sem categoria\/a-procura-da-felicidade-ismael-sobrinho\/"},"modified":"2026-01-07T11:31:18","modified_gmt":"2026-01-07T14:31:18","slug":"a-procura-da-felicidade-ismael-sobrinho","status":"publish","type":"product","link":"https:\/\/www.livrariarema.com.br\/loja\/produtos\/promocao\/livros-promocao\/a-procura-da-felicidade-ismael-sobrinho\/","title":{"rendered":"\u00c0 Procura Da Felicidade &#8211; Ismael Sobrinho"},"content":{"rendered":"<p>VOC\u00ca EST\u00c1 CANSADO E SOBRECARREGADO?<\/p>\n<p>Sabia que quase todas as pessoas da sociedade atual tamb\u00e9m est\u00e3o assim? A busca incans\u00e1vel pela felicidade sem direcionamento ou sentido tem gerado cada vez mais pessoas infelizes! Ismael Sobrinho, com toda a sua experi\u00eancia na \u00e1rea de psiquiatra com mais de vinte anos de atendimento ambulatorial, nos traz uma obra repleta de preciosidades para desmistificar a tal procura da felicidade, mostrando-nos que \u00e9 poss\u00edvel ser feliz quando entendemos o prop\u00f3sito da vida.<\/p>\n<p>Dividido em tr\u00eas partes, \u00c0 procura da felicidade aborda na Parte 1 um panorama da sociedade que gera tanto cansa\u00e7o e esgotamento. Na Parte 2, o autor aponta algumas estrat\u00e9gias e sa\u00eddas espirituais para a verdadeira felicidade. J\u00e1 na Parte 3, o leitor encontra um conte\u00fado mais pr\u00e1tico, voltado \u00e0 melhora f\u00edsica e emocional.<\/p>\n<p>Com base nas Escrituras e com conte\u00fado completo, \u00c0 procura da felicidade prepara o corpo, a mente e o esp\u00edrito do crist\u00e3o para a volta do Senhor Jesus Cristo.<\/p>\n","protected":false},"excerpt":{"rendered":"<p>VOC\u00ca EST\u00c1 CANSADO E SOBRECARREGADO? Sabia que quase todas as pessoas da sociedade atual tamb\u00e9m est\u00e3o assim? A busca incans\u00e1vel&hellip;<\/p>\n","protected":false},"featured_media":342714,"comment_status":"open","ping_status":"closed","template":"","meta":[],"product_cat":[143,142],"product_tag":[],"_links":{"self":[{"href":"https:\/\/www.livrariarema.com.br\/loja\/wp-json\/wp\/v2\/product\/161768"}],"collection":[{"href":"https:\/\/www.livrariarema.com.br\/loja\/wp-json\/wp\/v2\/product"}],"about":[{"href":"https:\/\/www.livrariarema.com.br\/loja\/wp-json\/wp\/v2\/types\/product"}],"replies":[{"embeddable":true,"href":"https:\/\/www.livrariarema.com.br\/loja\/wp-json\/wp\/v2\/comments?post=161768"}],"wp:featuredmedia":[{"embeddable":true,"href":"https:\/\/www.livrariarema.com.br\/loja\/wp-json\/wp\/v2\/media\/342714"}],"wp:attachment":[{"href":"https:\/\/www.livrariarema.com.br\/loja\/wp-json\/wp\/v2\/media?parent=161768"}],"wp:term":[{"taxonomy":"product_cat","embeddable":true,"href":"https:\/\/www.livrariarema.com.br\/loja\/wp-json\/wp\/v2\/product_cat?post=161768"},{"taxonomy":"product_tag","embeddable":true,"href":"https:\/\/www.livrariarema.com.br\/loja\/wp-json\/wp\/v2\/product_tag?post=161768"}],"curies":[{"name":"wp","href":"https:\/\/api.w.org\/{rel}","templated":true}]}}