{"id":162791,"date":"2022-06-06T10:14:24","date_gmt":"2022-06-06T13:14:24","guid":{"rendered":"https:\/\/www.livrariarema.com.br\/loja\/produtos\/sem%20categoria\/historias-biblicas-para-criancas-vol-3-catherine-vos\/"},"modified":"2026-02-24T10:31:03","modified_gmt":"2026-02-24T13:31:03","slug":"historias-biblicas-para-criancas-vol-3-catherine-vos","status":"publish","type":"product","link":"https:\/\/www.livrariarema.com.br\/loja\/produtos\/livros\/juvenil\/historias-biblicas-para-criancas-vol-3-catherine-vos\/","title":{"rendered":"Hist\u00f3rias B\u00edblicas Para Crian\u00e7as &#8211; Vol. 3 &#8211; Catherine Vos"},"content":{"rendered":"<p>Hist\u00f3rias B\u00edblicas para Crian\u00e7as \u00e9 uma colet\u00e2nea de hist\u00f3rias b\u00edblicas, contadas por uma m\u00e3e a seus filhos.<\/p>\n<p>Ap\u00f3s desistir de buscar um livro com hist\u00f3rias b\u00edblicas que fosse fiel \u00e0s Escrituras e transmitisse as emo\u00e7\u00f5es dos acontecimentos para seus filhos, Catherine Vos decidiu ela mesma, como um projeto para a vida toda, produzir tal material.<\/p>\n<p>Nesse terceiro e \u00faltimo volume, as hist\u00f3rias de todo o Novo Testamento s\u00e3o divididas em duas partes que mostram de maneira v\u00edvida e emocionante a continua\u00e7\u00e3o e a consuma\u00e7\u00e3o da hist\u00f3ria mais maravilhosa de todas.<\/p>\n<p>&#8220;Eu tenho usado Hist\u00f3rias B\u00edblicas para Crian\u00e7as por muito anos.eu a recomento entusiasticamente&#8221;. RUTH BELL GRAHAM<\/p>\n<p>&#8220;O melhor resumo da B\u00edblia em formato de hist\u00f3rias que pode ser encontrado em qualquer lugar&#8221;. WILLIAM C. CULBERTSON (Moody Bible Institute)<\/p>\n<p>&#8220;Esse livro como um todo tem sido considerado como a mais fiel e mais completa narrativa das hist\u00f3rias b\u00edblicas para crian\u00e7as escrita da perspectiva reformada&#8221;. (pref\u00e1cio \u00e0 tradu\u00e7\u00e3o em portugu\u00eas)<\/p>\n","protected":false},"excerpt":{"rendered":"<p>Hist\u00f3rias B\u00edblicas para Crian\u00e7as \u00e9 uma colet\u00e2nea de hist\u00f3rias b\u00edblicas, contadas por uma m\u00e3e a seus filhos. Ap\u00f3s desistir de&hellip;<\/p>\n","protected":false},"featured_media":312836,"comment_status":"open","ping_status":"closed","template":"","meta":[],"product_cat":[184,134],"product_tag":[],"_links":{"self":[{"href":"https:\/\/www.livrariarema.com.br\/loja\/wp-json\/wp\/v2\/product\/162791"}],"collection":[{"href":"https:\/\/www.livrariarema.com.br\/loja\/wp-json\/wp\/v2\/product"}],"about":[{"href":"https:\/\/www.livrariarema.com.br\/loja\/wp-json\/wp\/v2\/types\/product"}],"replies":[{"embeddable":true,"href":"https:\/\/www.livrariarema.com.br\/loja\/wp-json\/wp\/v2\/comments?post=162791"}],"wp:featuredmedia":[{"embeddable":true,"href":"https:\/\/www.livrariarema.com.br\/loja\/wp-json\/wp\/v2\/media\/312836"}],"wp:attachment":[{"href":"https:\/\/www.livrariarema.com.br\/loja\/wp-json\/wp\/v2\/media?parent=162791"}],"wp:term":[{"taxonomy":"product_cat","embeddable":true,"href":"https:\/\/www.livrariarema.com.br\/loja\/wp-json\/wp\/v2\/product_cat?post=162791"},{"taxonomy":"product_tag","embeddable":true,"href":"https:\/\/www.livrariarema.com.br\/loja\/wp-json\/wp\/v2\/product_tag?post=162791"}],"curies":[{"name":"wp","href":"https:\/\/api.w.org\/{rel}","templated":true}]}}