{"id":162793,"date":"2022-06-06T10:14:30","date_gmt":"2022-06-06T13:14:30","guid":{"rendered":"https:\/\/www.livrariarema.com.br\/loja\/produtos\/sem%20categoria\/pequenos-servos-da-pequena-susy-os-elizabeth-prentiss\/"},"modified":"2024-04-13T11:01:23","modified_gmt":"2024-04-13T14:01:23","slug":"pequenos-servos-da-pequena-susy-os-elizabeth-prentiss","status":"publish","type":"product","link":"https:\/\/www.livrariarema.com.br\/loja\/produtos\/livros\/juvenil\/pequenos-servos-da-pequena-susy-os-elizabeth-prentiss\/","title":{"rendered":"Pequenos Servos Da Pequena Susy, Os &#8211; Elizabeth Prentiss"},"content":{"rendered":"<p>Esta obra \u00e9 a tradu\u00e7\u00e3o de um cl\u00e1ssico infantil elaborado pela escritora Elizabeth Prentiss, e intitulada, no ingl\u00eas, de Little Susie`s Little Servants.<\/p>\n<p>Nesta obra para crian\u00e7as, n\u00f3s veremos a pequena Susie crescer e se transformar, de um pequeno beb\u00ea, em uma pequena mocinha de seis anos de idade, enquanto os seus ajudantes aprendem a brincar, a se ocupar com diversas atividades e a fazer coisas para ajudar os outros. \u00c0s vezes, eles tamb\u00e9m lhe metem em problemas! Mas durante este percurso, a pequena Susie aprende a ser gentil, a servir aos outros, e mais importante de tudo, a amar e servir a Deus de todo o seu cora\u00e7\u00e3o.<\/p>\n","protected":false},"excerpt":{"rendered":"<p>Esta obra \u00e9 a tradu\u00e7\u00e3o de um cl\u00e1ssico infantil elaborado pela escritora Elizabeth Prentiss, e intitulada, no ingl\u00eas, de Little&hellip;<\/p>\n","protected":false},"featured_media":291950,"comment_status":"open","ping_status":"closed","template":"","meta":[],"product_cat":[184,134],"product_tag":[],"_links":{"self":[{"href":"https:\/\/www.livrariarema.com.br\/loja\/wp-json\/wp\/v2\/product\/162793"}],"collection":[{"href":"https:\/\/www.livrariarema.com.br\/loja\/wp-json\/wp\/v2\/product"}],"about":[{"href":"https:\/\/www.livrariarema.com.br\/loja\/wp-json\/wp\/v2\/types\/product"}],"replies":[{"embeddable":true,"href":"https:\/\/www.livrariarema.com.br\/loja\/wp-json\/wp\/v2\/comments?post=162793"}],"wp:featuredmedia":[{"embeddable":true,"href":"https:\/\/www.livrariarema.com.br\/loja\/wp-json\/wp\/v2\/media\/291950"}],"wp:attachment":[{"href":"https:\/\/www.livrariarema.com.br\/loja\/wp-json\/wp\/v2\/media?parent=162793"}],"wp:term":[{"taxonomy":"product_cat","embeddable":true,"href":"https:\/\/www.livrariarema.com.br\/loja\/wp-json\/wp\/v2\/product_cat?post=162793"},{"taxonomy":"product_tag","embeddable":true,"href":"https:\/\/www.livrariarema.com.br\/loja\/wp-json\/wp\/v2\/product_tag?post=162793"}],"curies":[{"name":"wp","href":"https:\/\/api.w.org\/{rel}","templated":true}]}}