{"id":163115,"date":"2022-06-06T18:31:16","date_gmt":"2022-06-06T21:31:16","guid":{"rendered":"https:\/\/www.livrariarema.com.br\/loja\/produtos\/sem categoria\/biblia-do-capelao-com-harpa-letra-hipergigante-preta\/"},"modified":"2025-09-17T10:00:22","modified_gmt":"2025-09-17T13:00:22","slug":"biblia-do-capelao-com-harpa-letra-hipergigante-preta","status":"publish","type":"product","link":"https:\/\/www.livrariarema.com.br\/loja\/produtos\/biblias\/estudo\/biblia-do-capelao-com-harpa-letra-hipergigante-preta\/","title":{"rendered":"B\u00edblia Do Capel\u00e3o &#8211; Com Harpa &#8211; Letra Hipergigante &#8211; Preta"},"content":{"rendered":"<p>A B\u00edblia do Capel\u00e3o, a primeira voltada exclusivamente ao p\u00fablico evang\u00e9lico com estudos da Capelania e aconselhamento pastoral. Na primeira parte s\u00e3o abordados os conceitos e a fundamenta\u00e7\u00e3o b\u00edblica que orientam o minist\u00e9rio de capelania Hospitalar, prisional, escolar, familiar, social e outras. J\u00e1 para o Minist\u00e9rio de aconselhamento pastoral, presente na segunda parte, o leitor encontrar\u00e1 uma abordagem psicoteol\u00f3gica do ser humano. Estudos internacionais de sa\u00fade relatam a import\u00e2ncia da espiritualidade humana no tratamento de in\u00fameras enfermidades. Com o lan\u00e7amento, a expectativa \u00e9 que a Capelania Evang\u00e9lica Brasileira n\u00e3o s\u00f3 ser\u00e1 fortalecida, como tamb\u00e9m poder\u00e1 despertar e motivar novos servos e servas do Senhor que queiram ingressar no minist\u00e9rio.<\/p>\n","protected":false},"excerpt":{"rendered":"<p>A B\u00edblia do Capel\u00e3o, a primeira voltada exclusivamente ao p\u00fablico evang\u00e9lico com estudos da Capelania e aconselhamento pastoral. Na primeira&hellip;<\/p>\n","protected":false},"featured_media":333568,"comment_status":"open","ping_status":"closed","template":"","meta":[],"product_cat":[139,140],"product_tag":[],"_links":{"self":[{"href":"https:\/\/www.livrariarema.com.br\/loja\/wp-json\/wp\/v2\/product\/163115"}],"collection":[{"href":"https:\/\/www.livrariarema.com.br\/loja\/wp-json\/wp\/v2\/product"}],"about":[{"href":"https:\/\/www.livrariarema.com.br\/loja\/wp-json\/wp\/v2\/types\/product"}],"replies":[{"embeddable":true,"href":"https:\/\/www.livrariarema.com.br\/loja\/wp-json\/wp\/v2\/comments?post=163115"}],"wp:featuredmedia":[{"embeddable":true,"href":"https:\/\/www.livrariarema.com.br\/loja\/wp-json\/wp\/v2\/media\/333568"}],"wp:attachment":[{"href":"https:\/\/www.livrariarema.com.br\/loja\/wp-json\/wp\/v2\/media?parent=163115"}],"wp:term":[{"taxonomy":"product_cat","embeddable":true,"href":"https:\/\/www.livrariarema.com.br\/loja\/wp-json\/wp\/v2\/product_cat?post=163115"},{"taxonomy":"product_tag","embeddable":true,"href":"https:\/\/www.livrariarema.com.br\/loja\/wp-json\/wp\/v2\/product_tag?post=163115"}],"curies":[{"name":"wp","href":"https:\/\/api.w.org\/{rel}","templated":true}]}}