{"id":163131,"date":"2022-06-06T18:31:58","date_gmt":"2022-06-06T21:31:58","guid":{"rendered":"https:\/\/www.livrariarema.com.br\/loja\/produtos\/sem categoria\/biblia-de-estudos-teologicos-letra-hipergigante-capa-pu-luxo-preta\/"},"modified":"2022-06-08T14:23:50","modified_gmt":"2022-06-08T17:23:50","slug":"biblia-de-estudos-teologicos-letra-hipergigante-capa-pu-luxo-preta","status":"publish","type":"product","link":"https:\/\/www.livrariarema.com.br\/loja\/produtos\/biblias\/estudo-feminina\/biblia-de-estudos-teologicos-letra-hipergigante-capa-pu-luxo-preta\/","title":{"rendered":"B\u00edblia De Estudos Teol\u00f3gicos &#8211; Letra Hipergigante &#8211; Capa Pu Luxo &#8211; Preta"},"content":{"rendered":"<p>A B\u00edblia de Estudos Teol\u00f3gicos foi idealizada pelo Pastor Lincoln Marcos com a colabora\u00e7\u00e3o de dois respeitados te\u00f3logos brasileiros: Pastor Silvano Rodriguez e Pastor Roberto dos Santos. Dessa forma, foi poss\u00edvel a Editora Casa Publicadora Paulista (Editora CPP) lan\u00e7ar esta B\u00edblia de Estudos.<br \/>\n<Br><Br><br \/>\nAs B\u00edblias de estudos s\u00e3o iguais as B\u00edblias tradicionais no que diz respeito ao texto b\u00edblico, por exemplo, os vers\u00edculos encontrados nas B\u00edblias tradicionais ser\u00e3o iguais a qualquer outra B\u00edblia de estudo da mesma tradu\u00e7\u00e3o, contudo, o que as difere \u00e9 a quantidade de informa\u00e7\u00f5es adicionais e recursos extras que s\u00e3o inseridos junto com o texto das Escrituras. A B\u00edblia de Estudos Teol\u00f3gicos tem como proposta facilitar o entendimento da Palavra de Deus para seus estudantes com uma sele\u00e7\u00e3o de estudos espec\u00edficos das Sagradas Escrituras.<\/p>\n","protected":false},"excerpt":{"rendered":"<p>A B\u00edblia de Estudos Teol\u00f3gicos foi idealizada pelo Pastor Lincoln Marcos com a colabora\u00e7\u00e3o de dois respeitados te\u00f3logos brasileiros: Pastor&hellip;<\/p>\n","protected":false},"featured_media":163626,"comment_status":"open","ping_status":"closed","template":"","meta":[],"product_cat":[139,175],"product_tag":[],"_links":{"self":[{"href":"https:\/\/www.livrariarema.com.br\/loja\/wp-json\/wp\/v2\/product\/163131"}],"collection":[{"href":"https:\/\/www.livrariarema.com.br\/loja\/wp-json\/wp\/v2\/product"}],"about":[{"href":"https:\/\/www.livrariarema.com.br\/loja\/wp-json\/wp\/v2\/types\/product"}],"replies":[{"embeddable":true,"href":"https:\/\/www.livrariarema.com.br\/loja\/wp-json\/wp\/v2\/comments?post=163131"}],"wp:featuredmedia":[{"embeddable":true,"href":"https:\/\/www.livrariarema.com.br\/loja\/wp-json\/wp\/v2\/media\/163626"}],"wp:attachment":[{"href":"https:\/\/www.livrariarema.com.br\/loja\/wp-json\/wp\/v2\/media?parent=163131"}],"wp:term":[{"taxonomy":"product_cat","embeddable":true,"href":"https:\/\/www.livrariarema.com.br\/loja\/wp-json\/wp\/v2\/product_cat?post=163131"},{"taxonomy":"product_tag","embeddable":true,"href":"https:\/\/www.livrariarema.com.br\/loja\/wp-json\/wp\/v2\/product_tag?post=163131"}],"curies":[{"name":"wp","href":"https:\/\/api.w.org\/{rel}","templated":true}]}}