{"id":164277,"date":"2022-06-10T15:52:51","date_gmt":"2022-06-10T18:52:51","guid":{"rendered":"https:\/\/www.livrariarema.com.br\/loja\/produtos\/sem categoria\/como-lidar-com-a-teimosia-de-seu-filho-james-dobson\/"},"modified":"2026-03-13T16:51:17","modified_gmt":"2026-03-13T19:51:17","slug":"como-lidar-com-a-teimosia-de-seu-filho-james-dobson","status":"publish","type":"product","link":"https:\/\/www.livrariarema.com.br\/loja\/produtos\/livros\/educacao-crista\/como-lidar-com-a-teimosia-de-seu-filho-james-dobson\/","title":{"rendered":"Como Lidar Com A Teimosia De Seu Filho &#8211; James Dobson"},"content":{"rendered":"<p>Neste livro, o autor oferece uma ajuda pr\u00e1tica a todo pai ou m\u00e3e que tenha o desejo de controlar melhor seus filhos pequenos.Abrangendo diversos assuntos relacionados \u00e0 desobedi\u00eancia e teimosia com a aplica\u00e7\u00e3o pr\u00e1tica de uma disciplina s\u00e1bia e equilibrada.<\/p>\n","protected":false},"excerpt":{"rendered":"<p>Neste livro, o autor oferece uma ajuda pr\u00e1tica a todo pai ou m\u00e3e que tenha o desejo de controlar melhor&hellip;<\/p>\n","protected":false},"featured_media":346083,"comment_status":"open","ping_status":"closed","template":"","meta":[],"product_cat":[169,134],"product_tag":[],"_links":{"self":[{"href":"https:\/\/www.livrariarema.com.br\/loja\/wp-json\/wp\/v2\/product\/164277"}],"collection":[{"href":"https:\/\/www.livrariarema.com.br\/loja\/wp-json\/wp\/v2\/product"}],"about":[{"href":"https:\/\/www.livrariarema.com.br\/loja\/wp-json\/wp\/v2\/types\/product"}],"replies":[{"embeddable":true,"href":"https:\/\/www.livrariarema.com.br\/loja\/wp-json\/wp\/v2\/comments?post=164277"}],"wp:featuredmedia":[{"embeddable":true,"href":"https:\/\/www.livrariarema.com.br\/loja\/wp-json\/wp\/v2\/media\/346083"}],"wp:attachment":[{"href":"https:\/\/www.livrariarema.com.br\/loja\/wp-json\/wp\/v2\/media?parent=164277"}],"wp:term":[{"taxonomy":"product_cat","embeddable":true,"href":"https:\/\/www.livrariarema.com.br\/loja\/wp-json\/wp\/v2\/product_cat?post=164277"},{"taxonomy":"product_tag","embeddable":true,"href":"https:\/\/www.livrariarema.com.br\/loja\/wp-json\/wp\/v2\/product_tag?post=164277"}],"curies":[{"name":"wp","href":"https:\/\/api.w.org\/{rel}","templated":true}]}}