{"id":165524,"date":"2022-06-15T13:13:02","date_gmt":"2022-06-15T16:13:02","guid":{"rendered":"https:\/\/www.livrariarema.com.br\/loja\/produtos\/sem%20categoria\/caneca-de-porcelana-urban-360ml-adoro-nos-dois\/"},"modified":"2026-04-28T09:16:39","modified_gmt":"2026-04-28T12:16:39","slug":"caneca-de-porcelana-urban-360ml-adoro-nos-dois","status":"publish","type":"product","link":"https:\/\/www.livrariarema.com.br\/loja\/produtos\/diversos\/caneca\/caneca-de-porcelana-urban-360ml-adoro-nos-dois\/","title":{"rendered":"Caneca De Porcelana &#8211; Urban 300Ml &#8211; Adoro N\u00f3s Dois"},"content":{"rendered":"<p>A Caneca Urban Adoro N\u00f3s Dois \u00e9 uma \u00f3tima forma de presentear algu\u00e9m especial com muito carinho al\u00e9m de demonstrar todo seu amor. Ela \u00e9 fabricada em porcelana de alta qualidade que garante maior durabilidade durante seu uso. Ela \u00e9 perfeita para voc\u00ea apreciar sua bebida favorita de um jeito todo especial.<\/p>\n<p>A Linha de Canecas Urban \u00e9 um item essencial no seu caf\u00e9 da manh\u00e3, al\u00e9m disso voc\u00ea pode us\u00e1-la como porta treco, porta l\u00e1pis ou presentear algu\u00e9m especial.<\/p>\n<p>Caracter\u00edsticas:<br \/>\nAltura: 9 cm<br \/>\nDi\u00e2metro: 8.5 cm<br \/>\nCapacidade: 360 ml<br \/>\nCont\u00e9m 1 caneca<\/p>\n<p>Cuidados:<br \/>\nLavar com \u00e1gua e sab\u00e3o neutro<br \/>\nN\u00e3o utilizar produtos qu\u00edmicos e abrasivos<br \/>\nImpactos podem danificar o produto<\/p>\n","protected":false},"excerpt":{"rendered":"<p>A Caneca Urban Adoro N\u00f3s Dois \u00e9 uma \u00f3tima forma de presentear algu\u00e9m especial com muito carinho al\u00e9m de demonstrar&hellip;<\/p>\n","protected":false},"featured_media":347283,"comment_status":"open","ping_status":"closed","template":"","meta":[],"product_cat":[235,132],"product_tag":[],"_links":{"self":[{"href":"https:\/\/www.livrariarema.com.br\/loja\/wp-json\/wp\/v2\/product\/165524"}],"collection":[{"href":"https:\/\/www.livrariarema.com.br\/loja\/wp-json\/wp\/v2\/product"}],"about":[{"href":"https:\/\/www.livrariarema.com.br\/loja\/wp-json\/wp\/v2\/types\/product"}],"replies":[{"embeddable":true,"href":"https:\/\/www.livrariarema.com.br\/loja\/wp-json\/wp\/v2\/comments?post=165524"}],"wp:featuredmedia":[{"embeddable":true,"href":"https:\/\/www.livrariarema.com.br\/loja\/wp-json\/wp\/v2\/media\/347283"}],"wp:attachment":[{"href":"https:\/\/www.livrariarema.com.br\/loja\/wp-json\/wp\/v2\/media?parent=165524"}],"wp:term":[{"taxonomy":"product_cat","embeddable":true,"href":"https:\/\/www.livrariarema.com.br\/loja\/wp-json\/wp\/v2\/product_cat?post=165524"},{"taxonomy":"product_tag","embeddable":true,"href":"https:\/\/www.livrariarema.com.br\/loja\/wp-json\/wp\/v2\/product_tag?post=165524"}],"curies":[{"name":"wp","href":"https:\/\/api.w.org\/{rel}","templated":true}]}}