{"id":165695,"date":"2022-06-15T16:28:57","date_gmt":"2022-06-15T19:28:57","guid":{"rendered":"https:\/\/www.livrariarema.com.br\/loja\/produtos\/sem%20categoria\/copo-plastico-termico-smart-dele-e-para-ele\/"},"modified":"2023-12-04T10:35:55","modified_gmt":"2023-12-04T13:35:55","slug":"copo-plastico-termico-smart-dele-e-para-ele","status":"publish","type":"product","link":"https:\/\/www.livrariarema.com.br\/loja\/produtos\/diversos\/copo-squeeze\/copo-plastico-termico-smart-dele-e-para-ele\/","title":{"rendered":"Copo Pl\u00e1stico Smart &#8211; Dele E Para Ele"},"content":{"rendered":"<p>Pr\u00e1tico e super fofo, nosso Copo Smart Acredite nso seus sonhos, \u00e9 confeccionado em material resistente e seu revestimento faz com que a temperatura da bebida se mantenha por mais tempo. Sua tampa permite que o copo seja aberto de duas formas: rosque\u00e1vel ou do modo abre-fecha.<\/p>\n<p>Caracter\u00edsticas:<br \/>\nAltura: 14,3 cm<br \/>\nDi\u00e2metro: 7,4 cm<br \/>\nCapacidade: 200 ml<br \/>\nCont\u00e9m 1 copo<\/p>\n<p>Cuidados:<br \/>\nN\u00e3o \u00e9 hermeticamente fechado, por isso transport\u00e1-lo na posi\u00e7\u00e3o vertical<br \/>\nLavar com \u00e1gua e detergente neutro<br \/>\nImpactos podem danificar o produto<br \/>\nManusear com cuidado<br \/>\nN\u00e3o \u00e9 a prova de pequenos vazamentos<br \/>\nN\u00e3o coloque o produto no congelador<\/p>\n","protected":false},"excerpt":{"rendered":"<p>Pr\u00e1tico e super fofo, nosso Copo Smart Acredite nso seus sonhos, \u00e9 confeccionado em material resistente e seu revestimento faz&hellip;<\/p>\n","protected":false},"featured_media":269150,"comment_status":"open","ping_status":"closed","template":"","meta":[],"product_cat":[234,132],"product_tag":[],"_links":{"self":[{"href":"https:\/\/www.livrariarema.com.br\/loja\/wp-json\/wp\/v2\/product\/165695"}],"collection":[{"href":"https:\/\/www.livrariarema.com.br\/loja\/wp-json\/wp\/v2\/product"}],"about":[{"href":"https:\/\/www.livrariarema.com.br\/loja\/wp-json\/wp\/v2\/types\/product"}],"replies":[{"embeddable":true,"href":"https:\/\/www.livrariarema.com.br\/loja\/wp-json\/wp\/v2\/comments?post=165695"}],"wp:featuredmedia":[{"embeddable":true,"href":"https:\/\/www.livrariarema.com.br\/loja\/wp-json\/wp\/v2\/media\/269150"}],"wp:attachment":[{"href":"https:\/\/www.livrariarema.com.br\/loja\/wp-json\/wp\/v2\/media?parent=165695"}],"wp:term":[{"taxonomy":"product_cat","embeddable":true,"href":"https:\/\/www.livrariarema.com.br\/loja\/wp-json\/wp\/v2\/product_cat?post=165695"},{"taxonomy":"product_tag","embeddable":true,"href":"https:\/\/www.livrariarema.com.br\/loja\/wp-json\/wp\/v2\/product_tag?post=165695"}],"curies":[{"name":"wp","href":"https:\/\/api.w.org\/{rel}","templated":true}]}}