{"id":165715,"date":"2022-06-15T16:29:52","date_gmt":"2022-06-15T19:29:52","guid":{"rendered":"https:\/\/www.livrariarema.com.br\/loja\/produtos\/sem%20categoria\/garrafa-termica-com-caneca-g-amiga-irma\/"},"modified":"2025-03-27T09:28:55","modified_gmt":"2025-03-27T12:28:55","slug":"garrafa-termica-com-caneca-g-amiga-irma","status":"publish","type":"product","link":"https:\/\/www.livrariarema.com.br\/loja\/produtos\/diversos\/garrafa-termica\/garrafa-termica-com-caneca-g-amiga-irma\/","title":{"rendered":"Garrafa T\u00e9rmica Com Caneca G &#8211; Amiga Irma"},"content":{"rendered":"<p>Nada melhor do que poder apreciar aquela bebida quentinha com toda a praticidade, higiene e em qualquer lugar, n\u00e3o \u00e9 mesmo? Ent\u00e3o voc\u00ea precisa da Garrafa T\u00e9rmica com Caneca.<\/p>\n<p>Produzida em a\u00e7o inox, seu revestimento mant\u00e9m a bebida quentinha por muito mais tempo e suas estampas divertidas tornam a &#8220;hora do caf\u00e9&#8221; ainda mais divertida. Tamb\u00e9m d\u00e1 pra presentear aquele amigo ou amiga com esse super presente.<\/p>\n<p>Caracter\u00edsticas<br \/>\nCapacidade: 475 ml<br \/>\nCont\u00e9m 1 garrafa e 1 tampa caneca<\/p>\n<p>Cuidados:<br \/>\nLavar com \u00e1gua e sab\u00e3o neutro<br \/>\nN\u00e3o utilizar produtos qu\u00edmicos e abrasivos<br \/>\nN\u00e3o levar ao congelador<br \/>\nN\u00e3o levar ao micro-ondas e ao lava-lou\u00e7as<br \/>\nRecomenda-se o transporte na posi\u00e7\u00e3o vertical<br \/>\nChoques e quedas podem danific\u00e1-la<\/p>\n","protected":false},"excerpt":{"rendered":"<p>Nada melhor do que poder apreciar aquela bebida quentinha com toda a praticidade, higiene e em qualquer lugar, n\u00e3o \u00e9&hellip;<\/p>\n","protected":false},"featured_media":328936,"comment_status":"open","ping_status":"closed","template":"","meta":[],"product_cat":[132,242],"product_tag":[],"_links":{"self":[{"href":"https:\/\/www.livrariarema.com.br\/loja\/wp-json\/wp\/v2\/product\/165715"}],"collection":[{"href":"https:\/\/www.livrariarema.com.br\/loja\/wp-json\/wp\/v2\/product"}],"about":[{"href":"https:\/\/www.livrariarema.com.br\/loja\/wp-json\/wp\/v2\/types\/product"}],"replies":[{"embeddable":true,"href":"https:\/\/www.livrariarema.com.br\/loja\/wp-json\/wp\/v2\/comments?post=165715"}],"wp:featuredmedia":[{"embeddable":true,"href":"https:\/\/www.livrariarema.com.br\/loja\/wp-json\/wp\/v2\/media\/328936"}],"wp:attachment":[{"href":"https:\/\/www.livrariarema.com.br\/loja\/wp-json\/wp\/v2\/media?parent=165715"}],"wp:term":[{"taxonomy":"product_cat","embeddable":true,"href":"https:\/\/www.livrariarema.com.br\/loja\/wp-json\/wp\/v2\/product_cat?post=165715"},{"taxonomy":"product_tag","embeddable":true,"href":"https:\/\/www.livrariarema.com.br\/loja\/wp-json\/wp\/v2\/product_tag?post=165715"}],"curies":[{"name":"wp","href":"https:\/\/api.w.org\/{rel}","templated":true}]}}