{"id":166047,"date":"2022-06-20T10:25:01","date_gmt":"2022-06-20T13:25:01","guid":{"rendered":"https:\/\/www.livrariarema.com.br\/loja\/produtos\/sem categoria\/homens-de-oracao-hernandes-dias-lopes\/"},"modified":"2026-03-25T18:05:02","modified_gmt":"2026-03-25T21:05:02","slug":"homens-de-oracao-hernandes-dias-lopes","status":"publish","type":"product","link":"https:\/\/www.livrariarema.com.br\/loja\/produtos\/livros\/homem\/homens-de-oracao-hernandes-dias-lopes\/","title":{"rendered":"Homens De Ora\u00e7\u00e3o &#8211; Hernandes Dias Lopes"},"content":{"rendered":"<p>HOMENS DE ORA\u00c7\u00c3O visa conclamar os homens, especialmente os pais, a se levantar como intercessores, a assumir de fato a responsabilidade que lhe foi dada para o lar e a sociedade.<\/p>\n<p>Motivar o homem a orar e ler a B\u00edblia diariamente;<\/p>\n<p>Ajudar o homem em suas necessidades espirituais;<\/p>\n<p>Resgatar o papel de lideran\u00e7a espiritual do homem no lar, na igreja e na sociedade;<\/p>\n<p>Promover a comunh\u00e3o entre os homens;<\/p>\n<p>Envolver o homem no trabalho da igreja local;<\/p>\n<p>Desenvolver uma ora\u00e7\u00e3o fervorosa e;<\/p>\n<p>Confiar nas promessas de Deus.<\/p>\n","protected":false},"excerpt":{"rendered":"<p>HOMENS DE ORA\u00c7\u00c3O visa conclamar os homens, especialmente os pais, a se levantar como intercessores, a assumir de fato a&hellip;<\/p>\n","protected":false},"featured_media":346087,"comment_status":"open","ping_status":"closed","template":"","meta":[],"product_cat":[152,134],"product_tag":[],"_links":{"self":[{"href":"https:\/\/www.livrariarema.com.br\/loja\/wp-json\/wp\/v2\/product\/166047"}],"collection":[{"href":"https:\/\/www.livrariarema.com.br\/loja\/wp-json\/wp\/v2\/product"}],"about":[{"href":"https:\/\/www.livrariarema.com.br\/loja\/wp-json\/wp\/v2\/types\/product"}],"replies":[{"embeddable":true,"href":"https:\/\/www.livrariarema.com.br\/loja\/wp-json\/wp\/v2\/comments?post=166047"}],"wp:featuredmedia":[{"embeddable":true,"href":"https:\/\/www.livrariarema.com.br\/loja\/wp-json\/wp\/v2\/media\/346087"}],"wp:attachment":[{"href":"https:\/\/www.livrariarema.com.br\/loja\/wp-json\/wp\/v2\/media?parent=166047"}],"wp:term":[{"taxonomy":"product_cat","embeddable":true,"href":"https:\/\/www.livrariarema.com.br\/loja\/wp-json\/wp\/v2\/product_cat?post=166047"},{"taxonomy":"product_tag","embeddable":true,"href":"https:\/\/www.livrariarema.com.br\/loja\/wp-json\/wp\/v2\/product_tag?post=166047"}],"curies":[{"name":"wp","href":"https:\/\/api.w.org\/{rel}","templated":true}]}}