{"id":166747,"date":"2022-06-23T15:09:56","date_gmt":"2022-06-23T18:09:56","guid":{"rendered":"https:\/\/www.livrariarema.com.br\/loja\/produtos\/sem%20categoria\/12-dias-para-atualizar-sua-vida-tiago-brunet\/"},"modified":"2026-02-10T17:42:20","modified_gmt":"2026-02-10T20:42:20","slug":"12-dias-para-atualizar-sua-vida-tiago-brunet","status":"publish","type":"product","link":"https:\/\/www.livrariarema.com.br\/loja\/produtos\/livros\/vida-crista\/12-dias-para-atualizar-sua-vida-tiago-brunet\/","title":{"rendered":"12 Dias Para Atualizar Sua Vida &#8211; Tiago Brunet"},"content":{"rendered":"<p>Preparado para atualizar sua vida?<br \/>\nEm um mundo de constantes e profundas mudan\u00e7as, como ser um l\u00edder relevante se n\u00e3o h\u00e1 como identificar os padr\u00f5es corretos?<br \/>\nNeste livro, Tiago Brunet explora 12 chaves que v\u00e3o atualizar a sua vida e tamb\u00e9m prover profundas reflex\u00f5es sobre uma lideran\u00e7a que fa\u00e7a diferen\u00e7a e que est\u00e1 ao seu alcance. Tra\u00e7ando instigantes met\u00e1foras entre o nosso dia a dia e a atualiza\u00e7\u00e3o do sistema operacional de um smartphone, o autor nos mostra que para baixarmos novos aplicativos (habilidades) em nosso sistema (mente) devemos ter bateria suficiente (intelig\u00eancia emocional), espa\u00e7o na mem\u00f3ria (apagar o velho e dar espa\u00e7o ao novo) e estar conectado a uma boa rede de dados (rede infinita de conhecimento e informa\u00e7\u00f5es &#8211; a sabedoria).<\/p>\n<p>&#8220;Tiago Brunet nos oferece ideias assertivas para uma vida atualizada e para uma lideran\u00e7a impactante. N\u00e3o vamos nos deter j\u00e1 que fomos projetados para fazer proezas. Nossa vida pode seguir crescendo. Podemos ser influ\u00eancia positiva para muita gente, porque Deus nos deu habilidades e oportunidades para faz\u00ea-lo. A partir de agora, voc\u00ea tem doze dias para atualizar a sua vida e desenvolver todo o seu potencial.&#8221;<br \/>\n&#8211; Cash Luna, pastor de Casa de Dios, Guatemala<\/p>\n<p>Em 12 dias para atualizar sua vida voc\u00ea vai aprender:<br \/>\n&#8211; Como descobrir seu prop\u00f3sito de vida<br \/>\n&#8211; O poder da comunica\u00e7\u00e3o eficaz<br \/>\n&#8211; O segredo para administrar melhor o seu tempo<br \/>\n&#8211; Como adquirir a &#8220;riqueza inteligente&#8221;<br \/>\n&#8211; Entender os temperamentos e comportamentos do ser humano<br \/>\n&#8211; Como alcan\u00e7ar a excel\u00eancia emocional<\/p>\n<p>Tiago Brunet \u00e9 CEO do Instituto Destiny, mentor do Centro de Intelig\u00eancia e Desenvolvimento (CID), te\u00f3logo, mestre em coaching pela Florida Christian University em Orlando, EUA, escritor de livros sobre desenvolvimento pessoal e lideran\u00e7a, entre eles Rumo ao lugar desejado e Dinheiro \u00e9 emocional, palestrante e educador. \u00c9 casado com Jeanine e pai de Julia e Jos\u00e9.<\/p>\n","protected":false},"excerpt":{"rendered":"<p>Preparado para atualizar sua vida? Em um mundo de constantes e profundas mudan\u00e7as, como ser um l\u00edder relevante se n\u00e3o&hellip;<\/p>\n","protected":false},"featured_media":339191,"comment_status":"open","ping_status":"closed","template":"","meta":[],"product_cat":[134,137],"product_tag":[],"_links":{"self":[{"href":"https:\/\/www.livrariarema.com.br\/loja\/wp-json\/wp\/v2\/product\/166747"}],"collection":[{"href":"https:\/\/www.livrariarema.com.br\/loja\/wp-json\/wp\/v2\/product"}],"about":[{"href":"https:\/\/www.livrariarema.com.br\/loja\/wp-json\/wp\/v2\/types\/product"}],"replies":[{"embeddable":true,"href":"https:\/\/www.livrariarema.com.br\/loja\/wp-json\/wp\/v2\/comments?post=166747"}],"wp:featuredmedia":[{"embeddable":true,"href":"https:\/\/www.livrariarema.com.br\/loja\/wp-json\/wp\/v2\/media\/339191"}],"wp:attachment":[{"href":"https:\/\/www.livrariarema.com.br\/loja\/wp-json\/wp\/v2\/media?parent=166747"}],"wp:term":[{"taxonomy":"product_cat","embeddable":true,"href":"https:\/\/www.livrariarema.com.br\/loja\/wp-json\/wp\/v2\/product_cat?post=166747"},{"taxonomy":"product_tag","embeddable":true,"href":"https:\/\/www.livrariarema.com.br\/loja\/wp-json\/wp\/v2\/product_tag?post=166747"}],"curies":[{"name":"wp","href":"https:\/\/api.w.org\/{rel}","templated":true}]}}