{"id":166904,"date":"2022-06-24T10:46:48","date_gmt":"2022-06-24T13:46:48","guid":{"rendered":"https:\/\/www.livrariarema.com.br\/loja\/produtos\/sem%20categoria\/bem-sei-que-tudo-podes-francine-walsh\/"},"modified":"2026-02-24T17:09:28","modified_gmt":"2026-02-24T20:09:28","slug":"bem-sei-que-tudo-podes-francine-walsh","status":"publish","type":"product","link":"https:\/\/www.livrariarema.com.br\/loja\/produtos\/livros\/ficcao\/bem-sei-que-tudo-podes-francine-walsh\/","title":{"rendered":"Bem Sei Que Tudo Podes &#8211; Francine Walsh"},"content":{"rendered":"<p>&#8220;Amar n\u00e3o \u00e9 nunca ferir, Ian. Amar \u00e9 voltar e ajudar a curar&#8221;<\/p>\n<p>&#8220;Cec\u00edlia se apaixonou por Ian. Sim, ela s\u00f3 o viu cantando na internet, mas quem disse que um grande amor n\u00e3o pode come\u00e7ar assim? <br \/>\nQuando ela parece ter justamente uma chance de se aproximar dele, o impens\u00e1vel acontece, revirando seu mundo.<br \/>\nComo nunca antes em sua vida, Cec\u00edlia passar\u00e1 a questionar tudo &#8213; desde o que quer com Ian at\u00e9 a f\u00e9 que herdou de seus pais. <br \/>\nEm todas as reviravoltas que sua pr\u00f3pria vida passa, Ian \u00e9 pego no embalo e n\u00e3o sabe o que fazer para ajudar Cec\u00edlia. Parece que esse grande amor est\u00e1 fadado ao fracasso.<br \/>\n Mas quem ser\u00e1 aquele cujos planos n\u00e3o podem ser frustrados?&#8221;<\/p>\n","protected":false},"excerpt":{"rendered":"<p>&#8220;Amar n\u00e3o \u00e9 nunca ferir, Ian. Amar \u00e9 voltar e ajudar a curar&#8221; &#8220;Cec\u00edlia se apaixonou por Ian. Sim, ela&hellip;<\/p>\n","protected":false},"featured_media":345391,"comment_status":"open","ping_status":"closed","template":"","meta":[],"product_cat":[162,134],"product_tag":[],"_links":{"self":[{"href":"https:\/\/www.livrariarema.com.br\/loja\/wp-json\/wp\/v2\/product\/166904"}],"collection":[{"href":"https:\/\/www.livrariarema.com.br\/loja\/wp-json\/wp\/v2\/product"}],"about":[{"href":"https:\/\/www.livrariarema.com.br\/loja\/wp-json\/wp\/v2\/types\/product"}],"replies":[{"embeddable":true,"href":"https:\/\/www.livrariarema.com.br\/loja\/wp-json\/wp\/v2\/comments?post=166904"}],"wp:featuredmedia":[{"embeddable":true,"href":"https:\/\/www.livrariarema.com.br\/loja\/wp-json\/wp\/v2\/media\/345391"}],"wp:attachment":[{"href":"https:\/\/www.livrariarema.com.br\/loja\/wp-json\/wp\/v2\/media?parent=166904"}],"wp:term":[{"taxonomy":"product_cat","embeddable":true,"href":"https:\/\/www.livrariarema.com.br\/loja\/wp-json\/wp\/v2\/product_cat?post=166904"},{"taxonomy":"product_tag","embeddable":true,"href":"https:\/\/www.livrariarema.com.br\/loja\/wp-json\/wp\/v2\/product_tag?post=166904"}],"curies":[{"name":"wp","href":"https:\/\/api.w.org\/{rel}","templated":true}]}}