{"id":166918,"date":"2022-06-24T10:47:25","date_gmt":"2022-06-24T13:47:25","guid":{"rendered":"https:\/\/www.livrariarema.com.br\/loja\/produtos\/sem%20categoria\/doutrina-e-devocao-rodrigo-bibo\/"},"modified":"2026-02-25T15:39:04","modified_gmt":"2026-02-25T18:39:04","slug":"doutrina-e-devocao-rodrigo-bibo","status":"publish","type":"product","link":"https:\/\/www.livrariarema.com.br\/loja\/produtos\/promocao\/livros-promocao\/doutrina-e-devocao-rodrigo-bibo\/","title":{"rendered":"Doutrina E Devo\u00e7\u00e3o &#8211; Rodrigo Bibo"},"content":{"rendered":"<p>O caminho da verdade na vida em comunidade<\/p>\n<p>Por uma devo\u00e7\u00e3o que pensa e uma doutrina que adora<\/p>\n<p>N\u00e3o raras vezes, nos ocupamos tanto dos nossos estudos teol\u00f3gicos &#8211; com palestras, livros, artigos, podcasts e cursos &#8211; que acabamos transformando o que era pra ser um instrumento em um fim em si mesmo. Assim, esquecemos que o principal prop\u00f3sito da B\u00edblia &#8211; e, portanto, dos nossos estudos teol\u00f3gicos &#8211; \u00e9 conhecer a Deus. Para isso, devemos continuar mergulhando na doutrina, mas sem negligenciar os momentos de devo\u00e7\u00e3o.<br \/>\nEm Doutrina e devo\u00e7\u00e3o, Rodrigo Bibo, autor de O Deus que destr\u00f3i sonhos, re\u00fane respeitadas vozes do protestantismo brasileiro &#8211; como \u00c2ngelo e Carol Bazzo, Alexander Stahlhoefer, Cacau Marques, Diego Bittencourt, Igor Miguel, Israel Mazzacorati, Kenner Terra e Victor Fontana &#8211; para discorrer sobre a tem\u00e1tica a partir de pontos de vistas diversos, em doze artigos. O objetivo central \u00e9 estimular crist\u00e3os de diferentes tradi\u00e7\u00f5es a unir estudo e a\u00e7\u00e3o, e a viver uma espiritualidade robusta e saud\u00e1vel, que verdadeiramente glorifique a Deus.<\/p>\n","protected":false},"excerpt":{"rendered":"<p>O caminho da verdade na vida em comunidade Por uma devo\u00e7\u00e3o que pensa e uma doutrina que adora N\u00e3o raras&hellip;<\/p>\n","protected":false},"featured_media":345444,"comment_status":"open","ping_status":"closed","template":"","meta":[],"product_cat":[143,142],"product_tag":[],"_links":{"self":[{"href":"https:\/\/www.livrariarema.com.br\/loja\/wp-json\/wp\/v2\/product\/166918"}],"collection":[{"href":"https:\/\/www.livrariarema.com.br\/loja\/wp-json\/wp\/v2\/product"}],"about":[{"href":"https:\/\/www.livrariarema.com.br\/loja\/wp-json\/wp\/v2\/types\/product"}],"replies":[{"embeddable":true,"href":"https:\/\/www.livrariarema.com.br\/loja\/wp-json\/wp\/v2\/comments?post=166918"}],"wp:featuredmedia":[{"embeddable":true,"href":"https:\/\/www.livrariarema.com.br\/loja\/wp-json\/wp\/v2\/media\/345444"}],"wp:attachment":[{"href":"https:\/\/www.livrariarema.com.br\/loja\/wp-json\/wp\/v2\/media?parent=166918"}],"wp:term":[{"taxonomy":"product_cat","embeddable":true,"href":"https:\/\/www.livrariarema.com.br\/loja\/wp-json\/wp\/v2\/product_cat?post=166918"},{"taxonomy":"product_tag","embeddable":true,"href":"https:\/\/www.livrariarema.com.br\/loja\/wp-json\/wp\/v2\/product_tag?post=166918"}],"curies":[{"name":"wp","href":"https:\/\/api.w.org\/{rel}","templated":true}]}}