{"id":167172,"date":"2022-06-24T17:55:27","date_gmt":"2022-06-24T20:55:27","guid":{"rendered":"https:\/\/www.livrariarema.com.br\/loja\/produtos\/sem categoria\/serie-comentarios-biblicos-hebreus-joao-calvino\/"},"modified":"2026-03-16T13:35:05","modified_gmt":"2026-03-16T16:35:05","slug":"serie-comentarios-biblicos-hebreus-joao-calvino","status":"publish","type":"product","link":"https:\/\/www.livrariarema.com.br\/loja\/produtos\/promocao\/livros-promocao\/serie-comentarios-biblicos-hebreus-joao-calvino\/","title":{"rendered":"S\u00e9rie Coment\u00e1rios B\u00edblicos &#8211; Hebreus &#8211; Jo\u00e3o Calvino"},"content":{"rendered":"<p>O livro Hebreus, da S\u00e9rie Coment\u00e1rios B\u00edblicos de Jo\u00e3o Calvino, \u00e9 uma explana\u00e7\u00e3o da ep\u00edstola aos Hebreus, sob o vi\u00e9s da Reforma. Essa carta de conte\u00fado precioso, inigual\u00e1vel e facilmente compreens\u00edvel, alcan\u00e7ou grande relev\u00e2ncia para a tese de Calvino, pois revela o sacerd\u00f3cio de Cristo como incompar\u00e1vel e o seu sacrif\u00edcio suficiente.<\/p>\n<p>Outra caracter\u00edstica que o grande reformador considerou essencial \u00e9 o uso intenso das mensagens do Antigo Testamento, sendo confirmado assim o seu conte\u00fado nas pr\u00f3prias Escrituras.<\/p>\n<p>Nesse coment\u00e1rio \u00e9 ressaltada a sufici\u00eancia do sacerd\u00f3cio de Cristo e a ilus\u00e3o da dignidade sacerdotal dos padres e pastores, desprezando a pr\u00e1tica religiosa da \u00e9poca. <\/p>\n","protected":false},"excerpt":{"rendered":"<p>O livro Hebreus, da S\u00e9rie Coment\u00e1rios B\u00edblicos de Jo\u00e3o Calvino, \u00e9 uma explana\u00e7\u00e3o da ep\u00edstola aos Hebreus, sob o vi\u00e9s&hellip;<\/p>\n","protected":false},"featured_media":346335,"comment_status":"open","ping_status":"closed","template":"","meta":[],"product_cat":[143,142],"product_tag":[],"_links":{"self":[{"href":"https:\/\/www.livrariarema.com.br\/loja\/wp-json\/wp\/v2\/product\/167172"}],"collection":[{"href":"https:\/\/www.livrariarema.com.br\/loja\/wp-json\/wp\/v2\/product"}],"about":[{"href":"https:\/\/www.livrariarema.com.br\/loja\/wp-json\/wp\/v2\/types\/product"}],"replies":[{"embeddable":true,"href":"https:\/\/www.livrariarema.com.br\/loja\/wp-json\/wp\/v2\/comments?post=167172"}],"wp:featuredmedia":[{"embeddable":true,"href":"https:\/\/www.livrariarema.com.br\/loja\/wp-json\/wp\/v2\/media\/346335"}],"wp:attachment":[{"href":"https:\/\/www.livrariarema.com.br\/loja\/wp-json\/wp\/v2\/media?parent=167172"}],"wp:term":[{"taxonomy":"product_cat","embeddable":true,"href":"https:\/\/www.livrariarema.com.br\/loja\/wp-json\/wp\/v2\/product_cat?post=167172"},{"taxonomy":"product_tag","embeddable":true,"href":"https:\/\/www.livrariarema.com.br\/loja\/wp-json\/wp\/v2\/product_tag?post=167172"}],"curies":[{"name":"wp","href":"https:\/\/api.w.org\/{rel}","templated":true}]}}