{"id":167984,"date":"2022-07-01T10:26:17","date_gmt":"2022-07-01T13:26:17","guid":{"rendered":"https:\/\/www.livrariarema.com.br\/loja\/produtos\/sem categoria\/entre-estacoes-ariana-ramos\/"},"modified":"2026-04-20T15:50:29","modified_gmt":"2026-04-20T18:50:29","slug":"entre-estacoes-ariana-ramos","status":"publish","type":"product","link":"https:\/\/www.livrariarema.com.br\/loja\/produtos\/livros\/mulher\/entre-estacoes-ariana-ramos\/","title":{"rendered":"Entre Estacoes &#8211; Ariana Ramos"},"content":{"rendered":"<p>Deus criou voc\u00ea, mulher, para impactar o mundo, um caminho nunca ser\u00e1 apenas espinhos, e sim um prop\u00f3sito para florescer e gerar frutos que alimentam e inspiram todos ao seu redor, na depend\u00eancia de Deus, independente do ambiente e contexto que esteja vivendo. <br \/>\nPor\u00e9m, as press\u00f5es da vida t\u00eam trazido des\u00e2nimo, distra\u00e7\u00e3o, cansa\u00e7o e, at\u00e9 mesmo, questionamentos sobre o tempo e o agir de Deus em voc\u00ea, n\u00e3o se distra\u00eda saiba discernir em qual esta\u00e7\u00e3o est\u00e1 sua vida. \u00e9 exatamente nesta jornada Entre Esta\u00e7\u00f5es que Deus deseja manifestar o poder Dele, revelando a voc\u00ea todo o seu potencial de florescimento, crescimento e amadurecimento. <br \/>\nAfinal, a crise de hoje \u00e9 apenas o primeiro passo no caminho em dire\u00e7\u00e3o \u00e0 promessa, \u00e0 nova esta\u00e7\u00e3o! Por isso, com f\u00e9 e coragem, ouse florescer!<\/p>\n","protected":false},"excerpt":{"rendered":"<p>Deus criou voc\u00ea, mulher, para impactar o mundo, um caminho nunca ser\u00e1 apenas espinhos, e sim um prop\u00f3sito para florescer&hellip;<\/p>\n","protected":false},"featured_media":331970,"comment_status":"open","ping_status":"closed","template":"","meta":[],"product_cat":[134,170],"product_tag":[],"_links":{"self":[{"href":"https:\/\/www.livrariarema.com.br\/loja\/wp-json\/wp\/v2\/product\/167984"}],"collection":[{"href":"https:\/\/www.livrariarema.com.br\/loja\/wp-json\/wp\/v2\/product"}],"about":[{"href":"https:\/\/www.livrariarema.com.br\/loja\/wp-json\/wp\/v2\/types\/product"}],"replies":[{"embeddable":true,"href":"https:\/\/www.livrariarema.com.br\/loja\/wp-json\/wp\/v2\/comments?post=167984"}],"wp:featuredmedia":[{"embeddable":true,"href":"https:\/\/www.livrariarema.com.br\/loja\/wp-json\/wp\/v2\/media\/331970"}],"wp:attachment":[{"href":"https:\/\/www.livrariarema.com.br\/loja\/wp-json\/wp\/v2\/media?parent=167984"}],"wp:term":[{"taxonomy":"product_cat","embeddable":true,"href":"https:\/\/www.livrariarema.com.br\/loja\/wp-json\/wp\/v2\/product_cat?post=167984"},{"taxonomy":"product_tag","embeddable":true,"href":"https:\/\/www.livrariarema.com.br\/loja\/wp-json\/wp\/v2\/product_tag?post=167984"}],"curies":[{"name":"wp","href":"https:\/\/api.w.org\/{rel}","templated":true}]}}