{"id":168046,"date":"2022-07-01T12:28:32","date_gmt":"2022-07-01T15:28:32","guid":{"rendered":"https:\/\/www.livrariarema.com.br\/loja\/produtos\/sem categoria\/cartao-postal-smilinguido-porque-onde-dois-ou-tres-estao-juntos-em-meu-nome\/"},"modified":"2025-12-16T11:15:07","modified_gmt":"2025-12-16T14:15:07","slug":"cartao-postal-smilinguido-porque-onde-dois-ou-tres-estao-juntos-em-meu-nome","status":"publish","type":"product","link":"https:\/\/www.livrariarema.com.br\/loja\/produtos\/papelaria\/cartoes\/cartao-postal-smilinguido-porque-onde-dois-ou-tres-estao-juntos-em-meu-nome\/","title":{"rendered":"Cart\u00e3o Postal &#8211; Smilinguido &#8211; Porque, Onde Dois Ou Tr\u00eas Est\u00e3o Juntos Em Meu Nome"},"content":{"rendered":"<p>Acabamento: Verniz e Glitter<br \/>\nPapel: Triplex 290g<br \/>\nTamanho do postal individual: 11x15cm<\/p>\n","protected":false},"excerpt":{"rendered":"<p>Acabamento: Verniz e Glitter Papel: Triplex 290g Tamanho do postal individual: 11x15cm<\/p>\n","protected":false},"featured_media":321266,"comment_status":"open","ping_status":"closed","template":"","meta":[],"product_cat":[304,215],"product_tag":[],"_links":{"self":[{"href":"https:\/\/www.livrariarema.com.br\/loja\/wp-json\/wp\/v2\/product\/168046"}],"collection":[{"href":"https:\/\/www.livrariarema.com.br\/loja\/wp-json\/wp\/v2\/product"}],"about":[{"href":"https:\/\/www.livrariarema.com.br\/loja\/wp-json\/wp\/v2\/types\/product"}],"replies":[{"embeddable":true,"href":"https:\/\/www.livrariarema.com.br\/loja\/wp-json\/wp\/v2\/comments?post=168046"}],"wp:featuredmedia":[{"embeddable":true,"href":"https:\/\/www.livrariarema.com.br\/loja\/wp-json\/wp\/v2\/media\/321266"}],"wp:attachment":[{"href":"https:\/\/www.livrariarema.com.br\/loja\/wp-json\/wp\/v2\/media?parent=168046"}],"wp:term":[{"taxonomy":"product_cat","embeddable":true,"href":"https:\/\/www.livrariarema.com.br\/loja\/wp-json\/wp\/v2\/product_cat?post=168046"},{"taxonomy":"product_tag","embeddable":true,"href":"https:\/\/www.livrariarema.com.br\/loja\/wp-json\/wp\/v2\/product_tag?post=168046"}],"curies":[{"name":"wp","href":"https:\/\/api.w.org\/{rel}","templated":true}]}}