{"id":170162,"date":"2022-07-13T09:41:20","date_gmt":"2022-07-13T12:41:20","guid":{"rendered":"https:\/\/www.livrariarema.com.br\/loja\/produtos\/sem%20categoria\/grafite-cis-2-0-hb-com-6-unidades-2\/"},"modified":"2026-02-18T10:00:57","modified_gmt":"2026-02-18T13:00:57","slug":"grafite-cis-2-0-hb-com-6-unidades-2","status":"publish","type":"product","link":"https:\/\/www.livrariarema.com.br\/loja\/produtos\/papelaria\/grafite\/grafite-cis-2-0-hb-com-6-unidades-2\/","title":{"rendered":"Grafite &#8211; Cis &#8211; 2.0 &#8211; 2B &#8211; Com 6 Unidades"},"content":{"rendered":"<p>Grafites por tubo: 6<Br><br \/>\nGradua\u00e7\u00e3o das grafites: 2B<Br><br \/>\nEspessura: 2 mm<Br><br \/>\nComprimento: 9 cm<Br><br \/>\n<Br><br \/>\nRegistro Inmetro: N\u00e3o se Aplica<\/p>\n","protected":false},"excerpt":{"rendered":"<p>Grafites por tubo: 6 Gradua\u00e7\u00e3o das grafites: 2B Espessura: 2 mm Comprimento: 9 cm Registro Inmetro: N\u00e3o se Aplica<\/p>\n","protected":false},"featured_media":338149,"comment_status":"open","ping_status":"closed","template":"","meta":[],"product_cat":[280,215],"product_tag":[],"_links":{"self":[{"href":"https:\/\/www.livrariarema.com.br\/loja\/wp-json\/wp\/v2\/product\/170162"}],"collection":[{"href":"https:\/\/www.livrariarema.com.br\/loja\/wp-json\/wp\/v2\/product"}],"about":[{"href":"https:\/\/www.livrariarema.com.br\/loja\/wp-json\/wp\/v2\/types\/product"}],"replies":[{"embeddable":true,"href":"https:\/\/www.livrariarema.com.br\/loja\/wp-json\/wp\/v2\/comments?post=170162"}],"wp:featuredmedia":[{"embeddable":true,"href":"https:\/\/www.livrariarema.com.br\/loja\/wp-json\/wp\/v2\/media\/338149"}],"wp:attachment":[{"href":"https:\/\/www.livrariarema.com.br\/loja\/wp-json\/wp\/v2\/media?parent=170162"}],"wp:term":[{"taxonomy":"product_cat","embeddable":true,"href":"https:\/\/www.livrariarema.com.br\/loja\/wp-json\/wp\/v2\/product_cat?post=170162"},{"taxonomy":"product_tag","embeddable":true,"href":"https:\/\/www.livrariarema.com.br\/loja\/wp-json\/wp\/v2\/product_tag?post=170162"}],"curies":[{"name":"wp","href":"https:\/\/api.w.org\/{rel}","templated":true}]}}