{"id":170206,"date":"2022-07-13T09:43:35","date_gmt":"2022-07-13T12:43:35","guid":{"rendered":"https:\/\/www.livrariarema.com.br\/loja\/produtos\/sem categoria\/borracha-stabilo-supreme-pequena\/"},"modified":"2026-03-17T18:10:30","modified_gmt":"2026-03-17T21:10:30","slug":"borracha-stabilo-supreme-pequena","status":"publish","type":"product","link":"https:\/\/www.livrariarema.com.br\/loja\/produtos\/papelaria\/borracha\/borracha-stabilo-supreme-pequena\/","title":{"rendered":"Borracha &#8211; Stabilo &#8211; Supreme &#8211; Pequena"},"content":{"rendered":"<p>As borrachas Stabilo Supreme 1196 s\u00e3o feitas de PVC sem plastificantes e s\u00e3o adequadas para o apagamento eficaz de uma enorme variedade de pap\u00e9is.<br \/>\n<Br><br \/>\nRegistro Inmetro 001 983\/2013<\/p>\n","protected":false},"excerpt":{"rendered":"<p>As borrachas Stabilo Supreme 1196 s\u00e3o feitas de PVC sem plastificantes e s\u00e3o adequadas para o apagamento eficaz de uma&hellip;<\/p>\n","protected":false},"featured_media":321439,"comment_status":"open","ping_status":"closed","template":"","meta":[],"product_cat":[281,215],"product_tag":[],"_links":{"self":[{"href":"https:\/\/www.livrariarema.com.br\/loja\/wp-json\/wp\/v2\/product\/170206"}],"collection":[{"href":"https:\/\/www.livrariarema.com.br\/loja\/wp-json\/wp\/v2\/product"}],"about":[{"href":"https:\/\/www.livrariarema.com.br\/loja\/wp-json\/wp\/v2\/types\/product"}],"replies":[{"embeddable":true,"href":"https:\/\/www.livrariarema.com.br\/loja\/wp-json\/wp\/v2\/comments?post=170206"}],"wp:featuredmedia":[{"embeddable":true,"href":"https:\/\/www.livrariarema.com.br\/loja\/wp-json\/wp\/v2\/media\/321439"}],"wp:attachment":[{"href":"https:\/\/www.livrariarema.com.br\/loja\/wp-json\/wp\/v2\/media?parent=170206"}],"wp:term":[{"taxonomy":"product_cat","embeddable":true,"href":"https:\/\/www.livrariarema.com.br\/loja\/wp-json\/wp\/v2\/product_cat?post=170206"},{"taxonomy":"product_tag","embeddable":true,"href":"https:\/\/www.livrariarema.com.br\/loja\/wp-json\/wp\/v2\/product_tag?post=170206"}],"curies":[{"name":"wp","href":"https:\/\/api.w.org\/{rel}","templated":true}]}}