{"id":170526,"date":"2022-07-15T13:15:31","date_gmt":"2022-07-15T16:15:31","guid":{"rendered":"https:\/\/www.livrariarema.com.br\/loja\/produtos\/sem%20categoria\/dia-a-dia-com-corrie-ten-boom-couro\/"},"modified":"2026-01-12T11:15:40","modified_gmt":"2026-01-12T14:15:40","slug":"dia-a-dia-com-corrie-ten-boom-couro","status":"publish","type":"product","link":"https:\/\/www.livrariarema.com.br\/loja\/produtos\/livros\/devocional\/dia-a-dia-com-corrie-ten-boom-couro\/","title":{"rendered":"Dia A Dia Com Corrie Ten Boom &#8211; Couro"},"content":{"rendered":"<p>Colet\u00e2nea de 366 medita\u00e7\u00f5es baseadas no aprendizado de Corrie em seu relacionamento com Deus. Nele, ela compartilha sobre o ministrar do Senhor ao seu cora\u00e7\u00e3o no per\u00edodo mais tenebroso de sua hist\u00f3ria e tamb\u00e9m durante os anos de minist\u00e9rio depois do campo de concentra\u00e7\u00e3o nazista. <\/p>\n<p>As inspiradoras mensagens encorajam a buscar a presen\u00e7a de Deus e a crescer em f\u00e9, mesmo em meio \u00e0s adversidades da vida. Cont\u00e9m: 366 medita\u00e7\u00f5es; biografia da autora, que contextualiza as mensagens tornando-as mais significativas e reflex\u00f5es tocantes. Nessa edi\u00e7\u00e3o luxo, a capa \u00e9 de papel cart\u00e3o laminada, o presente ideal para quem voc\u00ea gosta.<\/p>\n<p>Sobre a autora:<br \/>\nCornelia &#8220;Corrie&#8221; ten Boom (1892-1983) nasceu em Haarlem, Holanda, e foi criada numa fam\u00edlia crist\u00e3. Durante a Segunda Guerra Mundial, eles abrigaram centenas de judeus para proteg\u00ea-los dos nazistas. E foram, por isso, presos e levados a campos de concentra\u00e7\u00e3o. Corrie sobreviveu e come\u00e7ou um minist\u00e9rio mundial. Mais tarde, contou sua hist\u00f3ria no livro O ref\u00fagio secreto (Publica\u00e7\u00f5es P\u00e3o Di\u00e1rio, 2016). <\/p>\n","protected":false},"excerpt":{"rendered":"<p>Colet\u00e2nea de 366 medita\u00e7\u00f5es baseadas no aprendizado de Corrie em seu relacionamento com Deus. Nele, ela compartilha sobre o ministrar&hellip;<\/p>\n","protected":false},"featured_media":305326,"comment_status":"open","ping_status":"closed","template":"","meta":[],"product_cat":[158,134],"product_tag":[],"_links":{"self":[{"href":"https:\/\/www.livrariarema.com.br\/loja\/wp-json\/wp\/v2\/product\/170526"}],"collection":[{"href":"https:\/\/www.livrariarema.com.br\/loja\/wp-json\/wp\/v2\/product"}],"about":[{"href":"https:\/\/www.livrariarema.com.br\/loja\/wp-json\/wp\/v2\/types\/product"}],"replies":[{"embeddable":true,"href":"https:\/\/www.livrariarema.com.br\/loja\/wp-json\/wp\/v2\/comments?post=170526"}],"wp:featuredmedia":[{"embeddable":true,"href":"https:\/\/www.livrariarema.com.br\/loja\/wp-json\/wp\/v2\/media\/305326"}],"wp:attachment":[{"href":"https:\/\/www.livrariarema.com.br\/loja\/wp-json\/wp\/v2\/media?parent=170526"}],"wp:term":[{"taxonomy":"product_cat","embeddable":true,"href":"https:\/\/www.livrariarema.com.br\/loja\/wp-json\/wp\/v2\/product_cat?post=170526"},{"taxonomy":"product_tag","embeddable":true,"href":"https:\/\/www.livrariarema.com.br\/loja\/wp-json\/wp\/v2\/product_tag?post=170526"}],"curies":[{"name":"wp","href":"https:\/\/api.w.org\/{rel}","templated":true}]}}