{"id":170628,"date":"2022-07-15T15:22:15","date_gmt":"2022-07-15T18:22:15","guid":{"rendered":"https:\/\/www.livrariarema.com.br\/loja\/produtos\/sem categoria\/tudo-para-ele-diario-de-oracao-feminino-oswald-chambers\/"},"modified":"2026-02-17T11:20:43","modified_gmt":"2026-02-17T14:20:43","slug":"tudo-para-ele-diario-de-oracao-feminino-oswald-chambers","status":"publish","type":"product","link":"https:\/\/www.livrariarema.com.br\/loja\/produtos\/livros\/devocional\/tudo-para-ele-diario-de-oracao-feminino-oswald-chambers\/","title":{"rendered":"Tudo Para Ele &#8211; Di\u00e1rio De Ora\u00e7\u00e3o &#8211; Feminino &#8211; Oswald Chambers"},"content":{"rendered":"<p>Este Di\u00e1rio de Ora\u00e7\u00e3o &#8211; Tudo para Ele, em design delicado e cativante, totalmente, voltado ao p\u00fablico feminino, cont\u00e9m o mesmo texto do reconhecido cl\u00e1ssico de Oswald Chambers Tudo para Ele (Publica\u00e7\u00f5es P\u00e3o Di\u00e1rio, 2015). Este \u00e9 um dos livros de medita\u00e7\u00e3o di\u00e1ria mais conhecidos e amados do mundo. Desde sua primeira publica\u00e7\u00e3o, em 1927, muitas pessoas t\u00eam sido transformadas por este conte\u00fado.<\/p>\n<p>Esta edi\u00e7\u00e3o apresenta:<\/p>\n<p>Um devocional por dia<br \/>\nEspa\u00e7o para anota\u00e7\u00e3o das verdades b\u00edblicas aprendidas<br \/>\nEspa\u00e7o para que se anote as reflex\u00f5es<br \/>\nEspa\u00e7o para anotar pedidos e respostas de ora\u00e7\u00e3o<\/p>\n","protected":false},"excerpt":{"rendered":"<p>Este Di\u00e1rio de Ora\u00e7\u00e3o &#8211; Tudo para Ele, em design delicado e cativante, totalmente, voltado ao p\u00fablico feminino, cont\u00e9m o&hellip;<\/p>\n","protected":false},"featured_media":338619,"comment_status":"open","ping_status":"closed","template":"","meta":[],"product_cat":[158,134],"product_tag":[],"_links":{"self":[{"href":"https:\/\/www.livrariarema.com.br\/loja\/wp-json\/wp\/v2\/product\/170628"}],"collection":[{"href":"https:\/\/www.livrariarema.com.br\/loja\/wp-json\/wp\/v2\/product"}],"about":[{"href":"https:\/\/www.livrariarema.com.br\/loja\/wp-json\/wp\/v2\/types\/product"}],"replies":[{"embeddable":true,"href":"https:\/\/www.livrariarema.com.br\/loja\/wp-json\/wp\/v2\/comments?post=170628"}],"wp:featuredmedia":[{"embeddable":true,"href":"https:\/\/www.livrariarema.com.br\/loja\/wp-json\/wp\/v2\/media\/338619"}],"wp:attachment":[{"href":"https:\/\/www.livrariarema.com.br\/loja\/wp-json\/wp\/v2\/media?parent=170628"}],"wp:term":[{"taxonomy":"product_cat","embeddable":true,"href":"https:\/\/www.livrariarema.com.br\/loja\/wp-json\/wp\/v2\/product_cat?post=170628"},{"taxonomy":"product_tag","embeddable":true,"href":"https:\/\/www.livrariarema.com.br\/loja\/wp-json\/wp\/v2\/product_tag?post=170628"}],"curies":[{"name":"wp","href":"https:\/\/api.w.org\/{rel}","templated":true}]}}