{"id":170878,"date":"2022-07-18T11:26:59","date_gmt":"2022-07-18T14:26:59","guid":{"rendered":"https:\/\/www.livrariarema.com.br\/loja\/produtos\/sem%20categoria\/biblia-a-maior-de-todas-as-historias-david-r-helm\/"},"modified":"2026-01-10T10:51:01","modified_gmt":"2026-01-10T13:51:01","slug":"biblia-a-maior-de-todas-as-historias-david-r-helm","status":"publish","type":"product","link":"https:\/\/www.livrariarema.com.br\/loja\/produtos\/livros\/infantil\/biblia-a-maior-de-todas-as-historias-david-r-helm\/","title":{"rendered":"B\u00edblia, A Maior De Todas As Hist\u00f3rias &#8211; David R. Helm"},"content":{"rendered":"<p>Apresenta relatos admir\u00e1veis do amor do Senhor pelo Seu povo. Com palavras simples e ilustra\u00e7\u00f5es formid\u00e1veis, desvenda todo o enredo da Palavra de Deus, de G\u00eanesis at\u00e9 Apocalipse. <Br><br \/>\nAs crian\u00e7as de 3 a 5 anos apreciar\u00e3o a descoberta maravilhosa do Deus que mant\u00e9m Sua grande promessa atrav\u00e9s dos s\u00e9culos.<\/p>\n","protected":false},"excerpt":{"rendered":"<p>Apresenta relatos admir\u00e1veis do amor do Senhor pelo Seu povo. Com palavras simples e ilustra\u00e7\u00f5es formid\u00e1veis, desvenda todo o enredo&hellip;<\/p>\n","protected":false},"featured_media":316679,"comment_status":"open","ping_status":"closed","template":"","meta":[],"product_cat":[144,134],"product_tag":[],"_links":{"self":[{"href":"https:\/\/www.livrariarema.com.br\/loja\/wp-json\/wp\/v2\/product\/170878"}],"collection":[{"href":"https:\/\/www.livrariarema.com.br\/loja\/wp-json\/wp\/v2\/product"}],"about":[{"href":"https:\/\/www.livrariarema.com.br\/loja\/wp-json\/wp\/v2\/types\/product"}],"replies":[{"embeddable":true,"href":"https:\/\/www.livrariarema.com.br\/loja\/wp-json\/wp\/v2\/comments?post=170878"}],"wp:featuredmedia":[{"embeddable":true,"href":"https:\/\/www.livrariarema.com.br\/loja\/wp-json\/wp\/v2\/media\/316679"}],"wp:attachment":[{"href":"https:\/\/www.livrariarema.com.br\/loja\/wp-json\/wp\/v2\/media?parent=170878"}],"wp:term":[{"taxonomy":"product_cat","embeddable":true,"href":"https:\/\/www.livrariarema.com.br\/loja\/wp-json\/wp\/v2\/product_cat?post=170878"},{"taxonomy":"product_tag","embeddable":true,"href":"https:\/\/www.livrariarema.com.br\/loja\/wp-json\/wp\/v2\/product_tag?post=170878"}],"curies":[{"name":"wp","href":"https:\/\/api.w.org\/{rel}","templated":true}]}}