{"id":170986,"date":"2022-07-18T15:13:00","date_gmt":"2022-07-18T18:13:00","guid":{"rendered":"https:\/\/www.livrariarema.com.br\/loja\/produtos\/sem categoria\/cartao-smilinguido-a-nossa-amizade-e-presente-dos-ceus\/"},"modified":"2026-03-11T15:10:59","modified_gmt":"2026-03-11T18:10:59","slug":"cartao-smilinguido-a-nossa-amizade-e-presente-dos-ceus","status":"publish","type":"product","link":"https:\/\/www.livrariarema.com.br\/loja\/produtos\/papelaria\/cartoes\/cartao-smilinguido-a-nossa-amizade-e-presente-dos-ceus\/","title":{"rendered":"Cart\u00e3o &#8211; Smilinguido &#8211; A Nossa Amizade \u00c9 Presente Dos C\u00e9us"},"content":{"rendered":"","protected":false},"excerpt":{"rendered":"","protected":false},"featured_media":340793,"comment_status":"open","ping_status":"closed","template":"","meta":[],"product_cat":[304,215],"product_tag":[],"_links":{"self":[{"href":"https:\/\/www.livrariarema.com.br\/loja\/wp-json\/wp\/v2\/product\/170986"}],"collection":[{"href":"https:\/\/www.livrariarema.com.br\/loja\/wp-json\/wp\/v2\/product"}],"about":[{"href":"https:\/\/www.livrariarema.com.br\/loja\/wp-json\/wp\/v2\/types\/product"}],"replies":[{"embeddable":true,"href":"https:\/\/www.livrariarema.com.br\/loja\/wp-json\/wp\/v2\/comments?post=170986"}],"wp:featuredmedia":[{"embeddable":true,"href":"https:\/\/www.livrariarema.com.br\/loja\/wp-json\/wp\/v2\/media\/340793"}],"wp:attachment":[{"href":"https:\/\/www.livrariarema.com.br\/loja\/wp-json\/wp\/v2\/media?parent=170986"}],"wp:term":[{"taxonomy":"product_cat","embeddable":true,"href":"https:\/\/www.livrariarema.com.br\/loja\/wp-json\/wp\/v2\/product_cat?post=170986"},{"taxonomy":"product_tag","embeddable":true,"href":"https:\/\/www.livrariarema.com.br\/loja\/wp-json\/wp\/v2\/product_tag?post=170986"}],"curies":[{"name":"wp","href":"https:\/\/api.w.org\/{rel}","templated":true}]}}