{"id":170995,"date":"2022-07-18T15:13:16","date_gmt":"2022-07-18T18:13:16","guid":{"rendered":"https:\/\/www.livrariarema.com.br\/loja\/produtos\/sem categoria\/cartao-smilinguido-voce-e-um-presente-de-deus\/"},"modified":"2026-04-28T12:30:21","modified_gmt":"2026-04-28T15:30:21","slug":"cartao-smilinguido-voce-e-um-presente-de-deus","status":"publish","type":"product","link":"https:\/\/www.livrariarema.com.br\/loja\/produtos\/papelaria\/cartoes\/cartao-smilinguido-voce-e-um-presente-de-deus\/","title":{"rendered":"Cart\u00e3o &#8211; Smilinguido &#8211; Voc\u00ea \u00c9 Um Presente De Deus!"},"content":{"rendered":"","protected":false},"excerpt":{"rendered":"","protected":false},"featured_media":341060,"comment_status":"open","ping_status":"closed","template":"","meta":[],"product_cat":[304,215],"product_tag":[],"_links":{"self":[{"href":"https:\/\/www.livrariarema.com.br\/loja\/wp-json\/wp\/v2\/product\/170995"}],"collection":[{"href":"https:\/\/www.livrariarema.com.br\/loja\/wp-json\/wp\/v2\/product"}],"about":[{"href":"https:\/\/www.livrariarema.com.br\/loja\/wp-json\/wp\/v2\/types\/product"}],"replies":[{"embeddable":true,"href":"https:\/\/www.livrariarema.com.br\/loja\/wp-json\/wp\/v2\/comments?post=170995"}],"wp:featuredmedia":[{"embeddable":true,"href":"https:\/\/www.livrariarema.com.br\/loja\/wp-json\/wp\/v2\/media\/341060"}],"wp:attachment":[{"href":"https:\/\/www.livrariarema.com.br\/loja\/wp-json\/wp\/v2\/media?parent=170995"}],"wp:term":[{"taxonomy":"product_cat","embeddable":true,"href":"https:\/\/www.livrariarema.com.br\/loja\/wp-json\/wp\/v2\/product_cat?post=170995"},{"taxonomy":"product_tag","embeddable":true,"href":"https:\/\/www.livrariarema.com.br\/loja\/wp-json\/wp\/v2\/product_tag?post=170995"}],"curies":[{"name":"wp","href":"https:\/\/api.w.org\/{rel}","templated":true}]}}