{"id":171290,"date":"2022-07-19T17:16:25","date_gmt":"2022-07-19T20:16:25","guid":{"rendered":"https:\/\/www.livrariarema.com.br\/loja\/produtos\/sem%20categoria\/devocionais-das-maravilhas-livro-2-vamos-falar-de-deus\/"},"modified":"2023-04-24T15:56:09","modified_gmt":"2023-04-24T18:56:09","slug":"devocionais-das-maravilhas-livro-2-vamos-falar-de-deus","status":"publish","type":"product","link":"https:\/\/www.livrariarema.com.br\/loja\/produtos\/livros\/infantil\/devocionais-das-maravilhas-livro-2-vamos-falar-de-deus\/","title":{"rendered":"Devocionais Das Maravilhas &#8211; Livro 2 &#8211; Vamos Falar De Deus!"},"content":{"rendered":"<p>Livro com dois meses de devocionais di\u00e1rios. (S\u00e3o 6 volumes por ano). Destinado \u00e0 crian\u00e7as alfabetizadas. As crian\u00e7as menores poder\u00e3o fazer o devocional com o acompanhamento de um adulto. Pode ser utilizado tamb\u00e9m para DISCIPULADO INFANTIL.<\/p>\n<p>DEVOCIONAL n\u00ba 2 da S\u00e9rie &#8220;60 Dias com Devocionais das Maravilhas&#8221;.<br \/>\nNeste volume as crian\u00e7as aprender\u00e3o sobre Como Falar de Deus aos amigos e familiares. Ao ler os textos, elas encontrar\u00e3o respostas atrav\u00e9s de temas como:<br \/>\n&#8211; O que \u00e9 uma testemunha?<br \/>\n&#8211; Como e para quem posso compartilhar o Livro Sem Palavras?<br \/>\n&#8211; Por que h\u00e1 sofrimento no mundo?<br \/>\n&#8211; Eu posso ser mission\u00e1rio?<br \/>\n&#8211; O que \u00e9 providencia de Deus?<br \/>\n&#8211; O que significa perseverar<br \/>\n&#8211; Morte e separa\u00e7\u00e3o dos pais<br \/>\n&#8211; F\u00e9, agradecimento e confian\u00e7a nos planos de Deus<\/p>\n<p>Este livro cont\u00e9m, tamb\u00e9m:<br \/>\n&#8211; Um espa\u00e7o para anotar os pensamentos de cada dia<br \/>\n&#8211; Sugest\u00e3o de assuntos pelos quais orar<br \/>\n&#8211; P\u00e1ginas de atividades<\/p>\n","protected":false},"excerpt":{"rendered":"<p>Livro com dois meses de devocionais di\u00e1rios. (S\u00e3o 6 volumes por ano). Destinado \u00e0 crian\u00e7as alfabetizadas. As crian\u00e7as menores poder\u00e3o&hellip;<\/p>\n","protected":false},"featured_media":0,"comment_status":"open","ping_status":"closed","template":"","meta":[],"product_cat":[144,134],"product_tag":[],"_links":{"self":[{"href":"https:\/\/www.livrariarema.com.br\/loja\/wp-json\/wp\/v2\/product\/171290"}],"collection":[{"href":"https:\/\/www.livrariarema.com.br\/loja\/wp-json\/wp\/v2\/product"}],"about":[{"href":"https:\/\/www.livrariarema.com.br\/loja\/wp-json\/wp\/v2\/types\/product"}],"replies":[{"embeddable":true,"href":"https:\/\/www.livrariarema.com.br\/loja\/wp-json\/wp\/v2\/comments?post=171290"}],"wp:attachment":[{"href":"https:\/\/www.livrariarema.com.br\/loja\/wp-json\/wp\/v2\/media?parent=171290"}],"wp:term":[{"taxonomy":"product_cat","embeddable":true,"href":"https:\/\/www.livrariarema.com.br\/loja\/wp-json\/wp\/v2\/product_cat?post=171290"},{"taxonomy":"product_tag","embeddable":true,"href":"https:\/\/www.livrariarema.com.br\/loja\/wp-json\/wp\/v2\/product_tag?post=171290"}],"curies":[{"name":"wp","href":"https:\/\/api.w.org\/{rel}","templated":true}]}}