{"id":171300,"date":"2022-07-19T17:19:15","date_gmt":"2022-07-19T20:19:15","guid":{"rendered":"https:\/\/www.livrariarema.com.br\/loja\/produtos\/sem categoria\/licoes-evangelisticas-perguntas-que-as-criancas-fazem-cartazes\/"},"modified":"2023-06-05T10:38:22","modified_gmt":"2023-06-05T13:38:22","slug":"licoes-evangelisticas-perguntas-que-as-criancas-fazem-cartazes","status":"publish","type":"product","link":"https:\/\/www.livrariarema.com.br\/loja\/produtos\/diversos\/flanelografo-e-cartazes\/licoes-evangelisticas-perguntas-que-as-criancas-fazem-cartazes\/","title":{"rendered":"Li\u00e7\u00f5es Evangel\u00edsticas &#8211; Perguntas Que As Criancas Fazem &#8211; Cartazes"},"content":{"rendered":"<p>Perguntas, perguntas e mais perguntas! Como as crian\u00e7as gostam de perguntar a respeito do que lhes doi dito, do que leram ou do que viram. S\u00e3o naturalmente mais curiosas que os adultos. A maioria dos professores que instruem crian\u00e7as, encoraja suas perguntas. Especialmente perguntas sobre a vida eterna e coisas espirituais. Professores e evangelistas enxergam as perguntas como sendo os primeiros frutos do seu minist\u00e9rio. Que privil\u00e9gio e experi\u00eancia maravilhosos poder instruir crian\u00e7as, geralmente t\u00e3o dispostas a ouvir e aprender!<\/p>\n<p>H\u00e1 uma profunda falta de conhecimento e at\u00e9 uma certa ignor\u00e2ncia com respeito \u00e0s grandes Doutrinas da Palavra de Deus: Verdades sobre Deus, sobre Jesus Cristo, sobre o Esp\u00edrito Santo, sobre a B\u00edblia, sobre o homem e seu pecado, sobre a expia\u00e7\u00e3o, sobre o caminho da salva\u00e7\u00e3o, sobre a vida crist\u00e3, sobre o futuro, sobre anjos e o diabo.<\/p>\n<p>Esta s\u00e9rie ensina algumas doutrinas atrav\u00e9s das seguintes perguntas:<br \/>\n1. Como podemos ser perdoados? &#8211; A doutrina da justifica\u00e7\u00e3o<br \/>\n2. Como podemos ser diferentes? &#8211; A doutrina da regenera\u00e7\u00e3o<br \/>\n3. Como podemos ser livres? &#8211; A doutrina da reden\u00e7\u00e3o<br \/>\n4. Como podemos ter certeza? &#8211; A doutrina da veracidade da B\u00edblia<br \/>\n5. Como podemos ser felizes? &#8211; A doutrina da vida eterna<\/p>\n","protected":false},"excerpt":{"rendered":"<p>Perguntas, perguntas e mais perguntas! Como as crian\u00e7as gostam de perguntar a respeito do que lhes doi dito, do que&hellip;<\/p>\n","protected":false},"featured_media":236029,"comment_status":"open","ping_status":"closed","template":"","meta":[],"product_cat":[132,133],"product_tag":[],"_links":{"self":[{"href":"https:\/\/www.livrariarema.com.br\/loja\/wp-json\/wp\/v2\/product\/171300"}],"collection":[{"href":"https:\/\/www.livrariarema.com.br\/loja\/wp-json\/wp\/v2\/product"}],"about":[{"href":"https:\/\/www.livrariarema.com.br\/loja\/wp-json\/wp\/v2\/types\/product"}],"replies":[{"embeddable":true,"href":"https:\/\/www.livrariarema.com.br\/loja\/wp-json\/wp\/v2\/comments?post=171300"}],"wp:featuredmedia":[{"embeddable":true,"href":"https:\/\/www.livrariarema.com.br\/loja\/wp-json\/wp\/v2\/media\/236029"}],"wp:attachment":[{"href":"https:\/\/www.livrariarema.com.br\/loja\/wp-json\/wp\/v2\/media?parent=171300"}],"wp:term":[{"taxonomy":"product_cat","embeddable":true,"href":"https:\/\/www.livrariarema.com.br\/loja\/wp-json\/wp\/v2\/product_cat?post=171300"},{"taxonomy":"product_tag","embeddable":true,"href":"https:\/\/www.livrariarema.com.br\/loja\/wp-json\/wp\/v2\/product_tag?post=171300"}],"curies":[{"name":"wp","href":"https:\/\/api.w.org\/{rel}","templated":true}]}}