{"id":171302,"date":"2022-07-19T17:19:20","date_gmt":"2022-07-19T20:19:20","guid":{"rendered":"https:\/\/www.livrariarema.com.br\/loja\/produtos\/sem categoria\/licoes-evangelisticas-livro-sem-palavras-ilustrado-cartazes\/"},"modified":"2024-08-05T11:07:36","modified_gmt":"2024-08-05T14:07:36","slug":"licoes-evangelisticas-livro-sem-palavras-ilustrado-cartazes","status":"publish","type":"product","link":"https:\/\/www.livrariarema.com.br\/loja\/produtos\/diversos\/flanelografo-e-cartazes\/licoes-evangelisticas-livro-sem-palavras-ilustrado-cartazes\/","title":{"rendered":"Li\u00e7\u00f5es Evangel\u00edsticas &#8211; Livro Sem Palavras Ilustrado &#8211; Cartazes"},"content":{"rendered":"<p>Material evangel\u00edstico com lindas hist\u00f3rias onde as crian\u00e7as conhecer\u00e3o a Mensagem da Salva\u00e7\u00e3o atrav\u00e9s das cores.<\/p>\n<p>5 Li\u00e7\u00f5es B\u00edblicas Evangel\u00edsticas para crian\u00e7as de 5 a 12 anos, com sugest\u00e3o de aplica\u00e7\u00e3o para crian\u00e7as de 3 e 4 anos (pr\u00e9-escolares:<br \/>\n1) Cor Dourada &#8211; O C\u00e9u (Deus ama voc\u00ea e quer que viva com ele no c\u00e9u).<br \/>\nEssa li\u00e7\u00e3o conta sobre o c\u00e9u e o que ter\u00e1 l\u00e1 e o mais importante, que Deus estar\u00e1 l\u00e1.<br \/>\n2) Cor Preta &#8211; O Pecado (O Senhor Jesus pode salvar voc\u00ea do pecado).<br \/>\nEssa li\u00e7\u00e3o conta sobre Ad\u00e3o e Eva e como o pecado entrou no mundo<br \/>\n3) Cor Vermelha &#8211; A Obra de Cristo (Creia em Jesus, que foi castigado pelo pecado).<br \/>\nO Nascimento, os milagres e a morte de Jesus<br \/>\n4) Cor Branca &#8211; A Ressurrei\u00e7\u00e3o (Jesus ressuscitou e transforma a vida de quem O recebe como Salvador).<br \/>\nEssa li\u00e7\u00e3o conta sobre Cristo no caminho de Ema\u00fas, sua apari\u00e7\u00e3o aos disc\u00edpulos e ascens\u00e3o aos c\u00e9us<br \/>\n5) Cor Verde &#8211; O Crescimento Espiritual (Cres\u00e7a na gra\u00e7a e no conhecimento do Senhor Jesus Cristo).<br \/>\nEssa li\u00e7\u00e3o conta sobre Paulo e Tim\u00f3teo<\/p>\n<p>Inclui:<br \/>\n&#8211; Roteiro completo das li\u00e7\u00f5es + sugest\u00f5es de resumo, esbo\u00e7o, programa de aula para 60 minutos, como ensinar sobre ora\u00e7\u00e3o, como ensinar o vers\u00edculo para memorizar + perguntas de revis\u00e3o para diferentes faixas et\u00e1rias, brincadeiras de revis\u00e3o, atividade de aprendizado, lembretes de vers\u00edculos (itens reproduz\u00edveis) e cart\u00f5es para ensinar os vers\u00edculos<br \/>\n&#8211; Figuras em Cartazes (6 para cada li\u00e7\u00e3o)<br \/>\n&#8211; Vers\u00edculos visualizados<\/p>\n","protected":false},"excerpt":{"rendered":"<p>Material evangel\u00edstico com lindas hist\u00f3rias onde as crian\u00e7as conhecer\u00e3o a Mensagem da Salva\u00e7\u00e3o atrav\u00e9s das cores. 5 Li\u00e7\u00f5es B\u00edblicas Evangel\u00edsticas&hellip;<\/p>\n","protected":false},"featured_media":308790,"comment_status":"open","ping_status":"closed","template":"","meta":[],"product_cat":[132,133],"product_tag":[],"_links":{"self":[{"href":"https:\/\/www.livrariarema.com.br\/loja\/wp-json\/wp\/v2\/product\/171302"}],"collection":[{"href":"https:\/\/www.livrariarema.com.br\/loja\/wp-json\/wp\/v2\/product"}],"about":[{"href":"https:\/\/www.livrariarema.com.br\/loja\/wp-json\/wp\/v2\/types\/product"}],"replies":[{"embeddable":true,"href":"https:\/\/www.livrariarema.com.br\/loja\/wp-json\/wp\/v2\/comments?post=171302"}],"wp:featuredmedia":[{"embeddable":true,"href":"https:\/\/www.livrariarema.com.br\/loja\/wp-json\/wp\/v2\/media\/308790"}],"wp:attachment":[{"href":"https:\/\/www.livrariarema.com.br\/loja\/wp-json\/wp\/v2\/media?parent=171302"}],"wp:term":[{"taxonomy":"product_cat","embeddable":true,"href":"https:\/\/www.livrariarema.com.br\/loja\/wp-json\/wp\/v2\/product_cat?post=171302"},{"taxonomy":"product_tag","embeddable":true,"href":"https:\/\/www.livrariarema.com.br\/loja\/wp-json\/wp\/v2\/product_tag?post=171302"}],"curies":[{"name":"wp","href":"https:\/\/api.w.org\/{rel}","templated":true}]}}