{"id":171312,"date":"2022-07-19T17:20:19","date_gmt":"2022-07-19T20:20:19","guid":{"rendered":"https:\/\/www.livrariarema.com.br\/loja\/produtos\/sem categoria\/licoes-evangelisticas-conhecendo-a-jesus-cristo-cartazes\/"},"modified":"2025-01-06T15:32:57","modified_gmt":"2025-01-06T18:32:57","slug":"licoes-evangelisticas-conhecendo-a-jesus-cristo-cartazes","status":"publish","type":"product","link":"https:\/\/www.livrariarema.com.br\/loja\/produtos\/diversos\/flanelografo-e-cartazes\/licoes-evangelisticas-conhecendo-a-jesus-cristo-cartazes\/","title":{"rendered":"Li\u00e7\u00f5es Evangel\u00edsticas &#8211; Conhecendo A Jesus Cristo &#8211; Cartazes"},"content":{"rendered":"<p>Com essas lindas hist\u00f3rias as crian\u00e7as conhecer\u00e3o a Jesus como O Bom Pastor, O P\u00e3o da Vida, A Ressurrei\u00e7\u00e3o, A Luz do Mundo e O Caminho.<\/p>\n<p>5 Li\u00e7\u00f5es B\u00edblicas Evangel\u00edsticas para crian\u00e7as de 5 a 12 anos, com sugest\u00e3o de aplica\u00e7\u00e3o para crian\u00e7as em idade Pr\u00e9 Escolar:<br \/>\n1) A Ovelha Perdida (Jesus, o Bom Pastor, veio para salvar voc\u00ea do pecado)<br \/>\n2) Alimentando a Multid\u00e3o (Jesus, o P\u00e3o da Vida, veio para satisfazer a sua necessidade de ser perdoado pelos seus pecados)<br \/>\n3) Ressurrei\u00e7\u00e3o de L\u00e1zaro (Jesus, a Ressurrei\u00e7\u00e3o, receba o dom da vida eterna e creia n`Ele)<br \/>\n4) O Cego Bartimeu (Receba Jesus, a Luz do Mundo, que tira a escurid\u00e3o do pecado)<br \/>\n5) O Cen\u00e1culo com os Disc\u00edpulos (Jesus, o Caminho, veio para ser o verdadeiro caminho para o C\u00e9u)<\/p>\n<p>Inclui: Figuras em Cartazes (6 para cada li\u00e7\u00e3o) com os vers\u00edculos visualizados &#8211; Figuras de aplica\u00e7\u00e3o para pr\u00e9-escolares &#8211; Livro Roteiro &#8211; Tabela de Planejamento -Resumo de cada li\u00e7\u00e3o e Esbo\u00e7o &#8211; Ideia de programa de aula para 60 minutos &#8211; Como fazer a memoriza\u00e7\u00e3o de cada vers\u00edculo &#8211; Brincadeiras e perguntas para revis\u00e3o &#8211; Atividade de aprendizagem &#8211; Cart\u00f5es para ensinar os vers\u00edculos (itens reproduz\u00edveis) &#8211; Lembretes dos vers\u00edculos (itens reproduz\u00edveis)<\/p>\n","protected":false},"excerpt":{"rendered":"<p>Com essas lindas hist\u00f3rias as crian\u00e7as conhecer\u00e3o a Jesus como O Bom Pastor, O P\u00e3o da Vida, A Ressurrei\u00e7\u00e3o, A&hellip;<\/p>\n","protected":false},"featured_media":261393,"comment_status":"open","ping_status":"closed","template":"","meta":[],"product_cat":[132,133],"product_tag":[],"_links":{"self":[{"href":"https:\/\/www.livrariarema.com.br\/loja\/wp-json\/wp\/v2\/product\/171312"}],"collection":[{"href":"https:\/\/www.livrariarema.com.br\/loja\/wp-json\/wp\/v2\/product"}],"about":[{"href":"https:\/\/www.livrariarema.com.br\/loja\/wp-json\/wp\/v2\/types\/product"}],"replies":[{"embeddable":true,"href":"https:\/\/www.livrariarema.com.br\/loja\/wp-json\/wp\/v2\/comments?post=171312"}],"wp:featuredmedia":[{"embeddable":true,"href":"https:\/\/www.livrariarema.com.br\/loja\/wp-json\/wp\/v2\/media\/261393"}],"wp:attachment":[{"href":"https:\/\/www.livrariarema.com.br\/loja\/wp-json\/wp\/v2\/media?parent=171312"}],"wp:term":[{"taxonomy":"product_cat","embeddable":true,"href":"https:\/\/www.livrariarema.com.br\/loja\/wp-json\/wp\/v2\/product_cat?post=171312"},{"taxonomy":"product_tag","embeddable":true,"href":"https:\/\/www.livrariarema.com.br\/loja\/wp-json\/wp\/v2\/product_tag?post=171312"}],"curies":[{"name":"wp","href":"https:\/\/api.w.org\/{rel}","templated":true}]}}