{"id":171417,"date":"2022-07-20T10:06:04","date_gmt":"2022-07-20T13:06:04","guid":{"rendered":"https:\/\/www.livrariarema.com.br\/loja\/produtos\/sem categoria\/licoes-evangelisticas-jesus-meu-salvador-e-amigo-cartazes-2\/"},"modified":"2024-05-24T13:40:57","modified_gmt":"2024-05-24T16:40:57","slug":"licoes-evangelisticas-jesus-meu-salvador-e-amigo-cartazes-2","status":"publish","type":"product","link":"https:\/\/www.livrariarema.com.br\/loja\/produtos\/diversos\/flanelografo-e-cartazes\/licoes-evangelisticas-jesus-meu-salvador-e-amigo-cartazes-2\/","title":{"rendered":"Li\u00e7\u00f5es Evangel\u00edsticas &#8211; Jesus Meu Salvador E Amigo &#8211; Cartazes"},"content":{"rendered":"<p>Com essas lindas hist\u00f3rias as crian\u00e7as entender\u00e3o que Jesus Cristo \u00e9 o nosso Amigo e Salvador.<\/p>\n<p>5 Li\u00e7\u00f5es B\u00edblicas Evangel\u00edsticas para crian\u00e7as de 5 a 12 anos, com sugest\u00e3o de aplica\u00e7\u00e3o para crian\u00e7as em idade Pr\u00e9 Escolar:<br \/>\n1. Jesus perdoa o pecado de um paral\u00edtico (Jesus Cristo pode satisfazer a sua necessidade de perd\u00e3o dos pecados)<br \/>\n2. Jesus cuida de seus disc\u00edpulos em uma tempestade (Jesus, o Poderoso, tem poder para perdoar seus pecados)<br \/>\n3. Jesus encontra uma mulher samaritana (Voc\u00ea pode conhecer a Jesus, o maravilhoso Salvador)<br \/>\n4. Jesus cura o servo do centuri\u00e3o (Somente Jesus pode salvar voc\u00ea do pecado)<br \/>\n5. Jesus responde \u00e0 pergunta de um int\u00e9rprete da lei (Se voc\u00ea ama realmente a Deus, mostre o amor dEle a outros)<\/p>\n<p>Inclui:<br \/>\n&#8211; Figuras em cartazes (6 para cada li\u00e7\u00e3o)<br \/>\n&#8211; Vers\u00edculos visualizados e sugest\u00e3o para a memoriza\u00e7\u00e3o.<br \/>\n&#8211; Roteiro com modelo de esbo\u00e7o, objetivo da li\u00e7\u00e3o.<br \/>\n&#8211; Sugest\u00f5es de brincadeiras, atividades para o aprendizado e perguntas para revis\u00e3o da aula.<br \/>\n&#8211; Lembretes dos vers\u00edculos (atividade para fazer c\u00f3pia para cada aluno).<\/p>\n","protected":false},"excerpt":{"rendered":"<p>Com essas lindas hist\u00f3rias as crian\u00e7as entender\u00e3o que Jesus Cristo \u00e9 o nosso Amigo e Salvador. 5 Li\u00e7\u00f5es B\u00edblicas Evangel\u00edsticas&hellip;<\/p>\n","protected":false},"featured_media":299210,"comment_status":"open","ping_status":"closed","template":"","meta":[],"product_cat":[132,133],"product_tag":[],"_links":{"self":[{"href":"https:\/\/www.livrariarema.com.br\/loja\/wp-json\/wp\/v2\/product\/171417"}],"collection":[{"href":"https:\/\/www.livrariarema.com.br\/loja\/wp-json\/wp\/v2\/product"}],"about":[{"href":"https:\/\/www.livrariarema.com.br\/loja\/wp-json\/wp\/v2\/types\/product"}],"replies":[{"embeddable":true,"href":"https:\/\/www.livrariarema.com.br\/loja\/wp-json\/wp\/v2\/comments?post=171417"}],"wp:featuredmedia":[{"embeddable":true,"href":"https:\/\/www.livrariarema.com.br\/loja\/wp-json\/wp\/v2\/media\/299210"}],"wp:attachment":[{"href":"https:\/\/www.livrariarema.com.br\/loja\/wp-json\/wp\/v2\/media?parent=171417"}],"wp:term":[{"taxonomy":"product_cat","embeddable":true,"href":"https:\/\/www.livrariarema.com.br\/loja\/wp-json\/wp\/v2\/product_cat?post=171417"},{"taxonomy":"product_tag","embeddable":true,"href":"https:\/\/www.livrariarema.com.br\/loja\/wp-json\/wp\/v2\/product_tag?post=171417"}],"curies":[{"name":"wp","href":"https:\/\/api.w.org\/{rel}","templated":true}]}}