{"id":171418,"date":"2022-07-20T10:06:08","date_gmt":"2022-07-20T13:06:08","guid":{"rendered":"https:\/\/www.livrariarema.com.br\/loja\/produtos\/sem%20categoria\/licoes-missionarias-investigadores-da-biblia-2-licoes-1-a-12\/"},"modified":"2026-02-24T16:51:25","modified_gmt":"2026-02-24T19:51:25","slug":"licoes-missionarias-investigadores-da-biblia-2-licoes-1-a-12","status":"publish","type":"product","link":"https:\/\/www.livrariarema.com.br\/loja\/produtos\/diversos\/flanelografo-e-cartazes\/licoes-missionarias-investigadores-da-biblia-2-licoes-1-a-12\/","title":{"rendered":"Li\u00e7\u00f5es Mission\u00e1rias &#8211; Investigadores Da B\u00edblia 2 &#8211; Li\u00e7\u00f5es 1 A 12"},"content":{"rendered":"<p>Clube Investigadores da B\u00edblia \u00e9 um programa emocionante para que as crian\u00e7as aprendam as grandes verdades da B\u00edblia; conhe\u00e7am e recebam a Cristo como seu Salvador e aproximem-se Dele!<Br><br \/>\n<Br><br \/>\nCada volume de 12 li\u00e7\u00f5es \u00e9 composto pelo roteiro com toda a informa\u00e7\u00e3o de como realizar o programa, al\u00e9m dos visuais para cada aula e o link para baixar as m\u00fasicas com os vers\u00edculos musicalizados (para memoriza\u00e7\u00e3o).<Br><br \/>\n<Br><br \/>\nVolume 2:<Br><br \/>\n1) Jesus Cristo \u00e9 Deus<Br><br \/>\n2) Jesus Cristo \u00e9 o Senhor de tudo!<Br><br \/>\n3) Deus \u00e9 por mim!<Br><br \/>\n4) Estou na fam\u00edlia de Deus<Br><br \/>\n5) Estou em Cristo<Br><br \/>\n6) Cristo vive em mim!<Br><br \/>\n7) Meu inimigo, &#8220;o mundo&#8221;<Br><br \/>\n8) Meu inimigo, &#8220;meu ego&#8221;<Br><br \/>\n9) Meu inimigo, &#8220;satan\u00e1s&#8221;<Br><br \/>\n10) Deus quer me usar<Br><br \/>\n11) Voc\u00ea pode ser um ganhador de almas<Br><br \/>\n12) Jesus me ama!<Br><\/p>\n","protected":false},"excerpt":{"rendered":"<p>Clube Investigadores da B\u00edblia \u00e9 um programa emocionante para que as crian\u00e7as aprendam as grandes verdades da B\u00edblia; conhe\u00e7am e&hellip;<\/p>\n","protected":false},"featured_media":0,"comment_status":"open","ping_status":"closed","template":"","meta":[],"product_cat":[132,133],"product_tag":[],"_links":{"self":[{"href":"https:\/\/www.livrariarema.com.br\/loja\/wp-json\/wp\/v2\/product\/171418"}],"collection":[{"href":"https:\/\/www.livrariarema.com.br\/loja\/wp-json\/wp\/v2\/product"}],"about":[{"href":"https:\/\/www.livrariarema.com.br\/loja\/wp-json\/wp\/v2\/types\/product"}],"replies":[{"embeddable":true,"href":"https:\/\/www.livrariarema.com.br\/loja\/wp-json\/wp\/v2\/comments?post=171418"}],"wp:attachment":[{"href":"https:\/\/www.livrariarema.com.br\/loja\/wp-json\/wp\/v2\/media?parent=171418"}],"wp:term":[{"taxonomy":"product_cat","embeddable":true,"href":"https:\/\/www.livrariarema.com.br\/loja\/wp-json\/wp\/v2\/product_cat?post=171418"},{"taxonomy":"product_tag","embeddable":true,"href":"https:\/\/www.livrariarema.com.br\/loja\/wp-json\/wp\/v2\/product_tag?post=171418"}],"curies":[{"name":"wp","href":"https:\/\/api.w.org\/{rel}","templated":true}]}}