{"id":171473,"date":"2022-07-20T14:30:21","date_gmt":"2022-07-20T17:30:21","guid":{"rendered":"https:\/\/www.livrariarema.com.br\/loja\/produtos\/sem%20categoria\/o-livro-que-transforma-nacoes-loren-cunningham-e-janice-rogers\/"},"modified":"2024-03-07T10:54:20","modified_gmt":"2024-03-07T13:54:20","slug":"o-livro-que-transforma-nacoes-loren-cunningham-e-janice-rogers","status":"publish","type":"product","link":"https:\/\/www.livrariarema.com.br\/loja\/produtos\/livros\/evangelismo-missoes\/o-livro-que-transforma-nacoes-loren-cunningham-e-janice-rogers\/","title":{"rendered":"Livro Que Transforma Na\u00e7\u00f5es, O &#8211; Loren Cunningham E Janice Rogers"},"content":{"rendered":"<p>&#8220;Nenhum pa\u00eds \u00e9 t\u00e3o pobre, t\u00e3o repleto de crimes e fragmentado pela guerra, ou t\u00e3o mergulhado em trevas, que n\u00e3o possa ser mudado. Deus tem nos dado princ\u00edpios fundamentais, que s\u00e3o chaves para todas as quest\u00f5es que enfrentamos neste s\u00e9culo. E as respostas se encontram nas p\u00e1ginas de um livro &#8211; a B\u00edblia.<br \/>\nCom o intuito de demonstrar como podemos usar as Escrituras para trazer mudan\u00e7as ao mundo todo, Loren Cunningham, por meio do relato de experi\u00eancias pessoais, dados estat\u00edsticos e registros hist\u00f3ricos de muitas na\u00e7\u00f5es que foram transformadas pelos princ\u00edpios b\u00edblicos, oferece uma raz\u00e3o s\u00f3lida para esperarmos e trabalharmos por um futuro melhor. <Br><br \/>\nPor meio desta leitura, voc\u00ea ser\u00e1 equipado e desafiado a experimentar a Verdade, fazendo-a reverberar na cultura que o cerca. Dessa forma, ser\u00e1 capaz de comprovar que a Palavra de Deus, de fato, transforma na\u00e7\u00f5es.<\/p>\n","protected":false},"excerpt":{"rendered":"<p>&#8220;Nenhum pa\u00eds \u00e9 t\u00e3o pobre, t\u00e3o repleto de crimes e fragmentado pela guerra, ou t\u00e3o mergulhado em trevas, que n\u00e3o&hellip;<\/p>\n","protected":false},"featured_media":287222,"comment_status":"open","ping_status":"closed","template":"","meta":[],"product_cat":[204,134],"product_tag":[],"_links":{"self":[{"href":"https:\/\/www.livrariarema.com.br\/loja\/wp-json\/wp\/v2\/product\/171473"}],"collection":[{"href":"https:\/\/www.livrariarema.com.br\/loja\/wp-json\/wp\/v2\/product"}],"about":[{"href":"https:\/\/www.livrariarema.com.br\/loja\/wp-json\/wp\/v2\/types\/product"}],"replies":[{"embeddable":true,"href":"https:\/\/www.livrariarema.com.br\/loja\/wp-json\/wp\/v2\/comments?post=171473"}],"wp:featuredmedia":[{"embeddable":true,"href":"https:\/\/www.livrariarema.com.br\/loja\/wp-json\/wp\/v2\/media\/287222"}],"wp:attachment":[{"href":"https:\/\/www.livrariarema.com.br\/loja\/wp-json\/wp\/v2\/media?parent=171473"}],"wp:term":[{"taxonomy":"product_cat","embeddable":true,"href":"https:\/\/www.livrariarema.com.br\/loja\/wp-json\/wp\/v2\/product_cat?post=171473"},{"taxonomy":"product_tag","embeddable":true,"href":"https:\/\/www.livrariarema.com.br\/loja\/wp-json\/wp\/v2\/product_tag?post=171473"}],"curies":[{"name":"wp","href":"https:\/\/api.w.org\/{rel}","templated":true}]}}