{"id":171765,"date":"2022-07-22T10:14:32","date_gmt":"2022-07-22T13:14:32","guid":{"rendered":"https:\/\/www.livrariarema.com.br\/loja\/produtos\/sem categoria\/biblia-king-james-1611-buque-letra-normal\/"},"modified":"2024-05-03T11:50:53","modified_gmt":"2024-05-03T14:50:53","slug":"biblia-king-james-1611-buque-letra-normal","status":"publish","type":"product","link":"https:\/\/www.livrariarema.com.br\/loja\/produtos\/biblias\/estudo\/biblia-king-james-1611-buque-letra-normal\/","title":{"rendered":"B\u00edblia King James 1611 &#8211; Buqu\u00ea &#8211; Letra Normal"},"content":{"rendered":"<p>A B\u00cdBLIA KING JAMES 1611 \u00c9 DESCRITA COMO UMA DAS PUBLICA\u00c7\u00d5ES MAIS IMPORTANTES DA HIST\u00d3RIA.<\/p>\n<p>O rei James I da Inglaterra reuniu os maiores estudiosos religiosos e linguistas para uma nova tradu\u00e7\u00e3o da B\u00edblia, a fim de estabelecer a tradu\u00e7\u00e3o mais precisa e mais digna at\u00e9 \u00e0 data. Ele nomeou 54 estudiosos para trabalhar na tradu\u00e7\u00e3o, e 47 trabalharam em seis grupos em tr\u00eas locais por sete anos.<\/p>\n<p>Ap\u00f3s a conclus\u00e3o, a B\u00edblia King James foi impressa pela primeira vez em 1611 por Robert Barker.<\/p>\n<p>Ap\u00f3s quatrocentos anos, a Vers\u00e3o do Rei James continua sendo uma das obras mais aclamadas da religi\u00e3o e da cultura inglesa.<\/p>\n<p>N\u00e3o se pode negar a forte influ\u00eancia de outras tradu\u00e7\u00f5es na Vers\u00e3o do Rei James. No entanto, o mesmo \u00e9 verdadeiro quanto ao esfor\u00e7o dos tradutores em fornecer \u00e0 igreja inglesa uma vers\u00e3o que expressasse em excelente ingl\u00eas toda for\u00e7a e beleza das l\u00ednguas originais. Ainda hoje, passados quatro s\u00e9culos, a metodologia, agenda e normas de trabalho na elabora\u00e7\u00e3o da King James 1611 continuam t\u00e3o atuais quanto fora no in\u00edcio do s\u00e9culo XVII.<\/p>\n<p>Reconhecida pelo estilo e beleza de linguagem, a King James 1611 destacou-se como obra liter\u00e1ria que exaltava a linguagem l\u00edrica, contribuindo com a preserva\u00e7\u00e3o de termos e express\u00f5es de sua \u00e9poca.<\/p>\n<p>Classificada como uma das vers\u00f5es mais fi\u00e9is aos Textos Sagrados, a BKJ contribui para que os leitores e estudiosos da B\u00edblia conhe\u00e7am express\u00f5es que somente o Rei James teve a coragem de traduzir e expressar sua originalidade aos textos b\u00edblicos.<\/p>\n","protected":false},"excerpt":{"rendered":"<p>A B\u00cdBLIA KING JAMES 1611 \u00c9 DESCRITA COMO UMA DAS PUBLICA\u00c7\u00d5ES MAIS IMPORTANTES DA HIST\u00d3RIA. O rei James I da&hellip;<\/p>\n","protected":false},"featured_media":294808,"comment_status":"open","ping_status":"closed","template":"","meta":[],"product_cat":[139,140],"product_tag":[],"_links":{"self":[{"href":"https:\/\/www.livrariarema.com.br\/loja\/wp-json\/wp\/v2\/product\/171765"}],"collection":[{"href":"https:\/\/www.livrariarema.com.br\/loja\/wp-json\/wp\/v2\/product"}],"about":[{"href":"https:\/\/www.livrariarema.com.br\/loja\/wp-json\/wp\/v2\/types\/product"}],"replies":[{"embeddable":true,"href":"https:\/\/www.livrariarema.com.br\/loja\/wp-json\/wp\/v2\/comments?post=171765"}],"wp:featuredmedia":[{"embeddable":true,"href":"https:\/\/www.livrariarema.com.br\/loja\/wp-json\/wp\/v2\/media\/294808"}],"wp:attachment":[{"href":"https:\/\/www.livrariarema.com.br\/loja\/wp-json\/wp\/v2\/media?parent=171765"}],"wp:term":[{"taxonomy":"product_cat","embeddable":true,"href":"https:\/\/www.livrariarema.com.br\/loja\/wp-json\/wp\/v2\/product_cat?post=171765"},{"taxonomy":"product_tag","embeddable":true,"href":"https:\/\/www.livrariarema.com.br\/loja\/wp-json\/wp\/v2\/product_tag?post=171765"}],"curies":[{"name":"wp","href":"https:\/\/api.w.org\/{rel}","templated":true}]}}