{"id":171779,"date":"2022-07-22T10:17:51","date_gmt":"2022-07-22T13:17:51","guid":{"rendered":"https:\/\/www.livrariarema.com.br\/loja\/produtos\/sem categoria\/biblia-de-estudo-ltt-preta\/"},"modified":"2026-02-23T15:48:10","modified_gmt":"2026-02-23T18:48:10","slug":"biblia-de-estudo-ltt-preta","status":"publish","type":"product","link":"https:\/\/www.livrariarema.com.br\/loja\/produtos\/biblias\/estudo\/biblia-de-estudo-ltt-preta\/","title":{"rendered":"Biblia De Estudo Ltt &#8211; Preta"},"content":{"rendered":"<p>B\u00edblia LTT Literal do Texto Tradicional | Marrom<\/p>\n<p>LTT, B\u00edblia Literal do Texto Tradicional \u00e9 uma tradu\u00e7\u00e3o rigorosamente literal e precisa do Texto Tradicional (TT) para o portugu\u00eas brasileiro, onde o TT \u00e9 a soma do Texto Massor\u00e9tico (VT em hebraico) perfeitamente preservado em forma manuscrita atrav\u00e9s de mil\u00eanios e finalmente impresso por Ben Chayyim-Bomberg (1525), e do Textus Receptus ou TR (NT em grego) perfeitamente preservado em forma manuscrita atrav\u00e9s de mil\u00eanios e finalmente impresso por Erasmo (1516-1522), Stephanus, etc. O TT \u00e9 a cole\u00e7\u00e3o das exatas palavras infalivelmente assopradas por Deus para as mentes e dedos dos escritores por Ele usados, e, depois, por Ele providencialmente preservadas com absoluta perfei\u00e7\u00e3o ao n\u00edvel de cada til e jota, em uso ininterrupto pelos crentes de TODAS as igrejas fieis, sendo a \u00daNICA base para TODAS as tradu\u00e7\u00f5es usadas em TODAS as l\u00ednguas e na\u00e7\u00f5es, desde as B\u00edblias de Lutero-1522 e Tyndale-1525.<\/p>\n<p>Espelhando o mais literalmente poss\u00edvel os exatos Texto Massor\u00e9tico (TM) e Textus Receptus (TR) que embasaram a King James 1611, os quais s\u00e3o a impress\u00e3o das exatas palavras (em hebraico e grego) perfeitamente inspiradas por Deus e, atrav\u00e9s dos s\u00e9culos, pela Sua provid\u00eancia, perfeitamente preservadas e incessantemente em uso pelas igrejas fi\u00e9is.<\/p>\n<p>Tem quase 1700 notas de rodap\u00e9 (cada uma delas de comprimento de at\u00e9 meia p\u00e1gina); tem quase 5200 notas numeradas &#9312; &#9313; &#9314; &#9315; (com explica\u00e7\u00f5es tipicamente de uma linha de comprimento) colocadas ao fim dos versos; e tem quase 8500 notinhas de at\u00e9 3 palavras colocadas riscadas a meia altura (que nunca devemos ler em voz alta) entre as pr\u00f3prias palavras do verso.<\/p>\n","protected":false},"excerpt":{"rendered":"<p>B\u00edblia LTT Literal do Texto Tradicional | Marrom LTT, B\u00edblia Literal do Texto Tradicional \u00e9 uma tradu\u00e7\u00e3o rigorosamente literal e&hellip;<\/p>\n","protected":false},"featured_media":345203,"comment_status":"open","ping_status":"closed","template":"","meta":[],"product_cat":[139,140],"product_tag":[],"_links":{"self":[{"href":"https:\/\/www.livrariarema.com.br\/loja\/wp-json\/wp\/v2\/product\/171779"}],"collection":[{"href":"https:\/\/www.livrariarema.com.br\/loja\/wp-json\/wp\/v2\/product"}],"about":[{"href":"https:\/\/www.livrariarema.com.br\/loja\/wp-json\/wp\/v2\/types\/product"}],"replies":[{"embeddable":true,"href":"https:\/\/www.livrariarema.com.br\/loja\/wp-json\/wp\/v2\/comments?post=171779"}],"wp:featuredmedia":[{"embeddable":true,"href":"https:\/\/www.livrariarema.com.br\/loja\/wp-json\/wp\/v2\/media\/345203"}],"wp:attachment":[{"href":"https:\/\/www.livrariarema.com.br\/loja\/wp-json\/wp\/v2\/media?parent=171779"}],"wp:term":[{"taxonomy":"product_cat","embeddable":true,"href":"https:\/\/www.livrariarema.com.br\/loja\/wp-json\/wp\/v2\/product_cat?post=171779"},{"taxonomy":"product_tag","embeddable":true,"href":"https:\/\/www.livrariarema.com.br\/loja\/wp-json\/wp\/v2\/product_tag?post=171779"}],"curies":[{"name":"wp","href":"https:\/\/api.w.org\/{rel}","templated":true}]}}