{"id":172121,"date":"2022-07-25T15:38:03","date_gmt":"2022-07-25T18:38:03","guid":{"rendered":"https:\/\/www.livrariarema.com.br\/loja\/produtos\/sem categoria\/casamento-divorcio-e-novo-casamento-hernandes-dias-lopes\/"},"modified":"2026-03-13T17:10:41","modified_gmt":"2026-03-13T20:10:41","slug":"casamento-divorcio-e-novo-casamento-hernandes-dias-lopes","status":"publish","type":"product","link":"https:\/\/www.livrariarema.com.br\/loja\/produtos\/livros\/casamento\/casamento-divorcio-e-novo-casamento-hernandes-dias-lopes\/","title":{"rendered":"Casamento, Div\u00f3rcio E Novo Casamento &#8211; Hernandes Dias Lopes"},"content":{"rendered":"<p>A obra exp\u00f5e princ\u00edpios e prop\u00f3sitos b\u00edblicos para o desenvolvimento de um relacionamento conjugal consistente. Sua abordagem orienta \u00e0queles que j\u00e1 foram, aos que s\u00e3o casados, como tamb\u00e9m aos rec\u00e9m-casados e aos noivos em quest\u00f5es fundamentais da vida a dois. Trata com sensibilidade pastoral os que foram feridos pelo div\u00f3rcio e apresenta uma avalia\u00e7\u00e3o a respeito do novo casamento.<Br><br \/>\n<Br><br \/>\n<b>Sobre o Autor:<\/b> Hernandes Dias Lopes, \u00e9 escritor, com mais de vinte obras escritas.<br \/>\n\u00c9 conferencista e pastor da Igreja Presbiteriana de Vit\u00f3ria\/ES, desde 1985. \u00c9 bacharel em teologia pelo Semin\u00e1rio Presbiteriano do Sul (Campinas\/SP) e doutor em minist\u00e9rio pelo Reformed Theological Seminary (EUA). \u00c9 tamb\u00e9m autor dos livros Removendo M\u00e1scaras e Fome de Deus, publicados pela Editora Hagnos.<\/p>\n","protected":false},"excerpt":{"rendered":"<p>A obra exp\u00f5e princ\u00edpios e prop\u00f3sitos b\u00edblicos para o desenvolvimento de um relacionamento conjugal consistente. Sua abordagem orienta \u00e0queles que&hellip;<\/p>\n","protected":false},"featured_media":346237,"comment_status":"open","ping_status":"closed","template":"","meta":[],"product_cat":[155,134],"product_tag":[],"_links":{"self":[{"href":"https:\/\/www.livrariarema.com.br\/loja\/wp-json\/wp\/v2\/product\/172121"}],"collection":[{"href":"https:\/\/www.livrariarema.com.br\/loja\/wp-json\/wp\/v2\/product"}],"about":[{"href":"https:\/\/www.livrariarema.com.br\/loja\/wp-json\/wp\/v2\/types\/product"}],"replies":[{"embeddable":true,"href":"https:\/\/www.livrariarema.com.br\/loja\/wp-json\/wp\/v2\/comments?post=172121"}],"wp:featuredmedia":[{"embeddable":true,"href":"https:\/\/www.livrariarema.com.br\/loja\/wp-json\/wp\/v2\/media\/346237"}],"wp:attachment":[{"href":"https:\/\/www.livrariarema.com.br\/loja\/wp-json\/wp\/v2\/media?parent=172121"}],"wp:term":[{"taxonomy":"product_cat","embeddable":true,"href":"https:\/\/www.livrariarema.com.br\/loja\/wp-json\/wp\/v2\/product_cat?post=172121"},{"taxonomy":"product_tag","embeddable":true,"href":"https:\/\/www.livrariarema.com.br\/loja\/wp-json\/wp\/v2\/product_tag?post=172121"}],"curies":[{"name":"wp","href":"https:\/\/api.w.org\/{rel}","templated":true}]}}