{"id":175313,"date":"2022-08-10T14:41:51","date_gmt":"2022-08-10T17:41:51","guid":{"rendered":"https:\/\/www.livrariarema.com.br\/loja\/produtos\/sem categoria\/biblia-rc-slim-luxo-vinho\/"},"modified":"2025-04-05T16:12:24","modified_gmt":"2025-04-05T19:12:24","slug":"biblia-rc-slim-luxo-vinho","status":"publish","type":"product","link":"https:\/\/www.livrariarema.com.br\/loja\/produtos\/biblias\/revista-corrigida-biblias\/biblia-rc-slim-luxo-vinho\/","title":{"rendered":"B\u00edblia &#8211; Rc &#8211; Slim &#8211; Luxo &#8211; Vinho"},"content":{"rendered":"<p>Traz a vers\u00e3o Jo\u00e3o Ferreira de Almeida Revista e Corrigida, sendo a vers\u00e3o mais consagrada e mais usada pelos evang\u00e9licos do Brasil. Traduzida dos textos originais, tem como destaque a linguagem elegante e erudita.<\/p>\n","protected":false},"excerpt":{"rendered":"<p>Traz a vers\u00e3o Jo\u00e3o Ferreira de Almeida Revista e Corrigida, sendo a vers\u00e3o mais consagrada e mais usada pelos evang\u00e9licos&hellip;<\/p>\n","protected":false},"featured_media":325916,"comment_status":"open","ping_status":"closed","template":"","meta":[],"product_cat":[139,149],"product_tag":[],"_links":{"self":[{"href":"https:\/\/www.livrariarema.com.br\/loja\/wp-json\/wp\/v2\/product\/175313"}],"collection":[{"href":"https:\/\/www.livrariarema.com.br\/loja\/wp-json\/wp\/v2\/product"}],"about":[{"href":"https:\/\/www.livrariarema.com.br\/loja\/wp-json\/wp\/v2\/types\/product"}],"replies":[{"embeddable":true,"href":"https:\/\/www.livrariarema.com.br\/loja\/wp-json\/wp\/v2\/comments?post=175313"}],"wp:featuredmedia":[{"embeddable":true,"href":"https:\/\/www.livrariarema.com.br\/loja\/wp-json\/wp\/v2\/media\/325916"}],"wp:attachment":[{"href":"https:\/\/www.livrariarema.com.br\/loja\/wp-json\/wp\/v2\/media?parent=175313"}],"wp:term":[{"taxonomy":"product_cat","embeddable":true,"href":"https:\/\/www.livrariarema.com.br\/loja\/wp-json\/wp\/v2\/product_cat?post=175313"},{"taxonomy":"product_tag","embeddable":true,"href":"https:\/\/www.livrariarema.com.br\/loja\/wp-json\/wp\/v2\/product_tag?post=175313"}],"curies":[{"name":"wp","href":"https:\/\/api.w.org\/{rel}","templated":true}]}}