{"id":175319,"date":"2022-08-10T15:01:55","date_gmt":"2022-08-10T18:01:55","guid":{"rendered":"https:\/\/www.livrariarema.com.br\/loja\/produtos\/sem categoria\/biblia-ilustrada-da-salvacao-marty-machowski\/"},"modified":"2025-06-26T17:00:40","modified_gmt":"2025-06-26T20:00:40","slug":"biblia-ilustrada-da-salvacao-marty-machowski","status":"publish","type":"product","link":"https:\/\/www.livrariarema.com.br\/loja\/produtos\/biblias\/infantil-biblias\/biblia-ilustrada-da-salvacao-marty-machowski\/","title":{"rendered":"Biblia Ilustrada Da Salvacao &#8211; Marty Machowski"},"content":{"rendered":"<p>Essa B\u00edblia infantil, lindamente ilustrada por Anne E. Macha cativa os jovens leitores com o cora\u00e7\u00e3o do evangelho, a B\u00edblia da Hist\u00f3ria do Evangelho tra\u00e7a o evangelho atrav\u00e9s da B\u00edblia com clareza e tra\u00e7\u00e3o para todas as idades. Neste livro de f\u00e1cil leitura, as fam\u00edlias s\u00e3o convidadas a ver Jesus claramente nas pessoas, lugares e eventos do Antigo e do Novo Testamentos. Com perguntas para debater com as crian\u00e7as e com as refer\u00eancias b\u00edblicas que acompanham cada narrativa, voc\u00ea ser\u00e1 auxiliado para apresentar \u00e0 sua fam\u00edlia uma ferramenta \u00fatil ao conhecimento do Livro Sagrado.<\/p>\n","protected":false},"excerpt":{"rendered":"<p>Essa B\u00edblia infantil, lindamente ilustrada por Anne E. Macha cativa os jovens leitores com o cora\u00e7\u00e3o do evangelho, a B\u00edblia&hellip;<\/p>\n","protected":false},"featured_media":326003,"comment_status":"open","ping_status":"closed","template":"","meta":[],"product_cat":[139,202],"product_tag":[],"_links":{"self":[{"href":"https:\/\/www.livrariarema.com.br\/loja\/wp-json\/wp\/v2\/product\/175319"}],"collection":[{"href":"https:\/\/www.livrariarema.com.br\/loja\/wp-json\/wp\/v2\/product"}],"about":[{"href":"https:\/\/www.livrariarema.com.br\/loja\/wp-json\/wp\/v2\/types\/product"}],"replies":[{"embeddable":true,"href":"https:\/\/www.livrariarema.com.br\/loja\/wp-json\/wp\/v2\/comments?post=175319"}],"wp:featuredmedia":[{"embeddable":true,"href":"https:\/\/www.livrariarema.com.br\/loja\/wp-json\/wp\/v2\/media\/326003"}],"wp:attachment":[{"href":"https:\/\/www.livrariarema.com.br\/loja\/wp-json\/wp\/v2\/media?parent=175319"}],"wp:term":[{"taxonomy":"product_cat","embeddable":true,"href":"https:\/\/www.livrariarema.com.br\/loja\/wp-json\/wp\/v2\/product_cat?post=175319"},{"taxonomy":"product_tag","embeddable":true,"href":"https:\/\/www.livrariarema.com.br\/loja\/wp-json\/wp\/v2\/product_tag?post=175319"}],"curies":[{"name":"wp","href":"https:\/\/api.w.org\/{rel}","templated":true}]}}