{"id":175361,"date":"2022-08-10T15:33:11","date_gmt":"2022-08-10T18:33:11","guid":{"rendered":"https:\/\/www.livrariarema.com.br\/loja\/produtos\/sem categoria\/biblia-anote-nvt-espiral-slim-universo\/"},"modified":"2026-03-25T14:17:18","modified_gmt":"2026-03-25T17:17:18","slug":"biblia-anote-nvt-espiral-slim-universo","status":"publish","type":"product","link":"https:\/\/www.livrariarema.com.br\/loja\/produtos\/biblias\/nvt\/biblia-anote-nvt-espiral-slim-universo\/","title":{"rendered":"B\u00edblia Anote &#8211; Nvt &#8211; Espiral &#8211; Slim &#8211; Universo"},"content":{"rendered":"<p>Para voc\u00ea que gosta de registrar aquele trecho que acabou de ler na B\u00edblia, mas nem sempre conta com um espa\u00e7o onde fazer suas pr\u00f3prias anota\u00e7\u00f5es, a GEOGR\u00c1FICA EDITORA traz a B\u00edblia Anote NVT Slim. Nela, voc\u00ea tem como diferencial os espa\u00e7os laterais em branco para poder registrar passagens que poder\u00e3o ser usadas em seus estudos b\u00edblicos ou prega\u00e7\u00f5es. A B\u00edblia Anote traz a Nova Vers\u00e3o Transformadora (NVT), uma tradu\u00e7\u00e3o contempor\u00e2nea, com formas verbais que facilitam em muito o entendimento. Nesta vers\u00e3o da Anote Slim, tivemos o cuidado de criar um novo produto, menor, mais leve e com uma letra mais confort\u00e1vel para leitura, sem deixar de lado o grande diferencial dela que s\u00e3o os espa\u00e7os para anota\u00e7\u00e3o e as folhas mais encorpadas para fazer o Bible journal.<\/p>\n","protected":false},"excerpt":{"rendered":"<p>Para voc\u00ea que gosta de registrar aquele trecho que acabou de ler na B\u00edblia, mas nem sempre conta com um&hellip;<\/p>\n","protected":false},"featured_media":325999,"comment_status":"open","ping_status":"closed","template":"","meta":[],"product_cat":[139,225],"product_tag":[],"_links":{"self":[{"href":"https:\/\/www.livrariarema.com.br\/loja\/wp-json\/wp\/v2\/product\/175361"}],"collection":[{"href":"https:\/\/www.livrariarema.com.br\/loja\/wp-json\/wp\/v2\/product"}],"about":[{"href":"https:\/\/www.livrariarema.com.br\/loja\/wp-json\/wp\/v2\/types\/product"}],"replies":[{"embeddable":true,"href":"https:\/\/www.livrariarema.com.br\/loja\/wp-json\/wp\/v2\/comments?post=175361"}],"wp:featuredmedia":[{"embeddable":true,"href":"https:\/\/www.livrariarema.com.br\/loja\/wp-json\/wp\/v2\/media\/325999"}],"wp:attachment":[{"href":"https:\/\/www.livrariarema.com.br\/loja\/wp-json\/wp\/v2\/media?parent=175361"}],"wp:term":[{"taxonomy":"product_cat","embeddable":true,"href":"https:\/\/www.livrariarema.com.br\/loja\/wp-json\/wp\/v2\/product_cat?post=175361"},{"taxonomy":"product_tag","embeddable":true,"href":"https:\/\/www.livrariarema.com.br\/loja\/wp-json\/wp\/v2\/product_tag?post=175361"}],"curies":[{"name":"wp","href":"https:\/\/api.w.org\/{rel}","templated":true}]}}