{"id":175470,"date":"2022-08-10T16:38:33","date_gmt":"2022-08-10T19:38:33","guid":{"rendered":"https:\/\/www.livrariarema.com.br\/loja\/produtos\/sem%20categoria\/biblia-nvi-letra-gigante-luxo-preta\/"},"modified":"2026-01-05T14:32:48","modified_gmt":"2026-01-05T17:32:48","slug":"biblia-nvi-letra-gigante-luxo-preta","status":"publish","type":"product","link":"https:\/\/www.livrariarema.com.br\/loja\/produtos\/biblias\/nvi\/biblia-nvi-letra-gigante-luxo-preta\/","title":{"rendered":"B\u00edblia &#8211; Nvi &#8211; Letra Grande &#8211; Capa Luxo &#8211; Preta"},"content":{"rendered":"<p>Esta \u00e9 a B\u00edblia Sagrada com a vers\u00e3o NVI (Nova Vers\u00e3o Internacional), uma das mais modernas tradu\u00e7\u00f5es que valoriza a clareza do texto, permanecendo fiel aos Escritos originais. Proporciona ao leitor uma linguagem mais atual e fluente.<\/p>\n","protected":false},"excerpt":{"rendered":"<p>Esta \u00e9 a B\u00edblia Sagrada com a vers\u00e3o NVI (Nova Vers\u00e3o Internacional), uma das mais modernas tradu\u00e7\u00f5es que valoriza a&hellip;<\/p>\n","protected":false},"featured_media":340748,"comment_status":"open","ping_status":"closed","template":"","meta":[],"product_cat":[139,166],"product_tag":[],"_links":{"self":[{"href":"https:\/\/www.livrariarema.com.br\/loja\/wp-json\/wp\/v2\/product\/175470"}],"collection":[{"href":"https:\/\/www.livrariarema.com.br\/loja\/wp-json\/wp\/v2\/product"}],"about":[{"href":"https:\/\/www.livrariarema.com.br\/loja\/wp-json\/wp\/v2\/types\/product"}],"replies":[{"embeddable":true,"href":"https:\/\/www.livrariarema.com.br\/loja\/wp-json\/wp\/v2\/comments?post=175470"}],"wp:featuredmedia":[{"embeddable":true,"href":"https:\/\/www.livrariarema.com.br\/loja\/wp-json\/wp\/v2\/media\/340748"}],"wp:attachment":[{"href":"https:\/\/www.livrariarema.com.br\/loja\/wp-json\/wp\/v2\/media?parent=175470"}],"wp:term":[{"taxonomy":"product_cat","embeddable":true,"href":"https:\/\/www.livrariarema.com.br\/loja\/wp-json\/wp\/v2\/product_cat?post=175470"},{"taxonomy":"product_tag","embeddable":true,"href":"https:\/\/www.livrariarema.com.br\/loja\/wp-json\/wp\/v2\/product_tag?post=175470"}],"curies":[{"name":"wp","href":"https:\/\/api.w.org\/{rel}","templated":true}]}}