{"id":175503,"date":"2022-08-11T09:11:05","date_gmt":"2022-08-11T12:11:05","guid":{"rendered":"https:\/\/www.livrariarema.com.br\/loja\/produtos\/sem categoria\/proposito-da-familia-o-luciano-subira-2\/"},"modified":"2026-02-03T16:10:39","modified_gmt":"2026-02-03T19:10:39","slug":"proposito-da-familia-o-luciano-subira-2","status":"publish","type":"product","link":"https:\/\/www.livrariarema.com.br\/loja\/produtos\/livros\/familia\/proposito-da-familia-o-luciano-subira-2\/","title":{"rendered":"Prop\u00f3sito Da Fam\u00edlia, O &#8211; Luciano Subir\u00e1"},"content":{"rendered":"<p>A fam\u00edlia \u00e9 um glorioso projeto divino.<br \/>\nEntender seus princ\u00edpios e funcionamento nos ajudar\u00e1 n\u00e3o somente a ter uma vida melhor nas esferas social e emocional como tamb\u00e9m afetar\u00e1 o espiritual, a nossa rela\u00e7\u00e3o com Deus. Este manual b\u00edblico sobre a fam\u00edlia \u00e9 uma ferramenta que se prop\u00f5e a ajudar o crist\u00e3o em todas essas \u00e1reas.<\/p>\n","protected":false},"excerpt":{"rendered":"<p>A fam\u00edlia \u00e9 um glorioso projeto divino. Entender seus princ\u00edpios e funcionamento nos ajudar\u00e1 n\u00e3o somente a ter uma vida&hellip;<\/p>\n","protected":false},"featured_media":330810,"comment_status":"open","ping_status":"closed","template":"","meta":[],"product_cat":[178,134],"product_tag":[],"_links":{"self":[{"href":"https:\/\/www.livrariarema.com.br\/loja\/wp-json\/wp\/v2\/product\/175503"}],"collection":[{"href":"https:\/\/www.livrariarema.com.br\/loja\/wp-json\/wp\/v2\/product"}],"about":[{"href":"https:\/\/www.livrariarema.com.br\/loja\/wp-json\/wp\/v2\/types\/product"}],"replies":[{"embeddable":true,"href":"https:\/\/www.livrariarema.com.br\/loja\/wp-json\/wp\/v2\/comments?post=175503"}],"wp:featuredmedia":[{"embeddable":true,"href":"https:\/\/www.livrariarema.com.br\/loja\/wp-json\/wp\/v2\/media\/330810"}],"wp:attachment":[{"href":"https:\/\/www.livrariarema.com.br\/loja\/wp-json\/wp\/v2\/media?parent=175503"}],"wp:term":[{"taxonomy":"product_cat","embeddable":true,"href":"https:\/\/www.livrariarema.com.br\/loja\/wp-json\/wp\/v2\/product_cat?post=175503"},{"taxonomy":"product_tag","embeddable":true,"href":"https:\/\/www.livrariarema.com.br\/loja\/wp-json\/wp\/v2\/product_tag?post=175503"}],"curies":[{"name":"wp","href":"https:\/\/api.w.org\/{rel}","templated":true}]}}