{"id":175926,"date":"2022-08-11T17:58:37","date_gmt":"2022-08-11T20:58:37","guid":{"rendered":"https:\/\/www.livrariarema.com.br\/loja\/produtos\/sem categoria\/batalha-de-toda-mulher-a-shannon-ethridge\/"},"modified":"2026-04-23T09:50:33","modified_gmt":"2026-04-23T12:50:33","slug":"batalha-de-toda-mulher-a-shannon-ethridge","status":"publish","type":"product","link":"https:\/\/www.livrariarema.com.br\/loja\/produtos\/livros\/mulher\/batalha-de-toda-mulher-a-shannon-ethridge\/","title":{"rendered":"Batalha De Toda Mulher, A &#8211; Shannon Ethridge"},"content":{"rendered":"<p>N\u00e3o s\u00e3o apenas os homens que lutam contra a impureza sexual.  <\/p>\n<p>Usando hist\u00f3rias da vida real e exemplos de sua pr\u00f3pria luta, Shannon Ethridge, escritora, palestrante internacional e coach com mestrado em Aconselhamento e Rela\u00e7\u00f5es Humanas, oferece orienta\u00e7\u00e3o \u00e0s mulheres que se veem presas ou atra\u00eddas pelas armadilhas do pecado sexual.<\/p>\n<p>Em A batalha de toda mulher, Shannon mostra que \u00e9 poss\u00edvel evitar a transig\u00eancia sexual e emocional e os sofrimentos resultantes da infidelidade e de outros desvios de conduta. Com transpar\u00eancia not\u00e1vel, compartilha aprendizados valiosos e tra\u00e7a uma rota segura para que as leitoras protejam n\u00e3o apenas o corpo, mas tamb\u00e9m a mente e o cora\u00e7\u00e3o. <\/p>\n<p>A batalha de toda mulher, agora em vers\u00e3o revista e ampliada, conta com um abrangente caderno de exerc\u00edcios, um recurso \u00fatil que auxiliar\u00e1 a leitora a examinar a pr\u00f3pria vida, a fim de desenvolver um plano pr\u00e1tico para vencer sua batalha particular.<\/p>\n","protected":false},"excerpt":{"rendered":"<p>N\u00e3o s\u00e3o apenas os homens que lutam contra a impureza sexual. Usando hist\u00f3rias da vida real e exemplos de sua&hellip;<\/p>\n","protected":false},"featured_media":327957,"comment_status":"open","ping_status":"closed","template":"","meta":[],"product_cat":[134,170],"product_tag":[],"_links":{"self":[{"href":"https:\/\/www.livrariarema.com.br\/loja\/wp-json\/wp\/v2\/product\/175926"}],"collection":[{"href":"https:\/\/www.livrariarema.com.br\/loja\/wp-json\/wp\/v2\/product"}],"about":[{"href":"https:\/\/www.livrariarema.com.br\/loja\/wp-json\/wp\/v2\/types\/product"}],"replies":[{"embeddable":true,"href":"https:\/\/www.livrariarema.com.br\/loja\/wp-json\/wp\/v2\/comments?post=175926"}],"wp:featuredmedia":[{"embeddable":true,"href":"https:\/\/www.livrariarema.com.br\/loja\/wp-json\/wp\/v2\/media\/327957"}],"wp:attachment":[{"href":"https:\/\/www.livrariarema.com.br\/loja\/wp-json\/wp\/v2\/media?parent=175926"}],"wp:term":[{"taxonomy":"product_cat","embeddable":true,"href":"https:\/\/www.livrariarema.com.br\/loja\/wp-json\/wp\/v2\/product_cat?post=175926"},{"taxonomy":"product_tag","embeddable":true,"href":"https:\/\/www.livrariarema.com.br\/loja\/wp-json\/wp\/v2\/product_tag?post=175926"}],"curies":[{"name":"wp","href":"https:\/\/api.w.org\/{rel}","templated":true}]}}