{"id":176187,"date":"2022-08-12T13:25:30","date_gmt":"2022-08-12T16:25:30","guid":{"rendered":"https:\/\/www.livrariarema.com.br\/loja\/produtos\/sem categoria\/squeeze-matte-900ml-azul-rosa\/"},"modified":"2023-04-03T17:23:08","modified_gmt":"2023-04-03T20:23:08","slug":"squeeze-matte-900ml-azul-rosa","status":"publish","type":"product","link":"https:\/\/www.livrariarema.com.br\/loja\/produtos\/diversos\/copo-squeeze\/squeeze-matte-900ml-azul-rosa\/","title":{"rendered":"Squeeze Matte &#8211; 900Ml &#8211; Azul\/Rosa"},"content":{"rendered":"<p>Nos dias mais quentes, n\u00e3o descuide da hidrata\u00e7\u00e3o e aposte em sucos naturais e uma \u00e1gua bem geladinha. A Squeeze Matte \u00e9 super pr\u00e1tica de carregar e d\u00e1 pra levar pra academia ou pra caminhada, para o trabalho ou faculdade. Al\u00e9m de que, ela \u00e9 feita de material super resistente e livre de BPA. A medida certa da sua sede!<\/p>\n<p>Caracter\u00edsticas:<br \/>\nCapacidade: 900 ml<\/p>\n<p>Cuidados:<br \/>\nLave com \u00e1gua e sab\u00e3o neutrov<br \/>\nN\u00e3o use produtos qu\u00edmicos e abrasivos<br \/>\nImpactos e quedas podem danificar o produto<\/p>\n","protected":false},"excerpt":{"rendered":"<p>Nos dias mais quentes, n\u00e3o descuide da hidrata\u00e7\u00e3o e aposte em sucos naturais e uma \u00e1gua bem geladinha. A Squeeze&hellip;<\/p>\n","protected":false},"featured_media":226163,"comment_status":"open","ping_status":"closed","template":"","meta":[],"product_cat":[234,132],"product_tag":[],"_links":{"self":[{"href":"https:\/\/www.livrariarema.com.br\/loja\/wp-json\/wp\/v2\/product\/176187"}],"collection":[{"href":"https:\/\/www.livrariarema.com.br\/loja\/wp-json\/wp\/v2\/product"}],"about":[{"href":"https:\/\/www.livrariarema.com.br\/loja\/wp-json\/wp\/v2\/types\/product"}],"replies":[{"embeddable":true,"href":"https:\/\/www.livrariarema.com.br\/loja\/wp-json\/wp\/v2\/comments?post=176187"}],"wp:featuredmedia":[{"embeddable":true,"href":"https:\/\/www.livrariarema.com.br\/loja\/wp-json\/wp\/v2\/media\/226163"}],"wp:attachment":[{"href":"https:\/\/www.livrariarema.com.br\/loja\/wp-json\/wp\/v2\/media?parent=176187"}],"wp:term":[{"taxonomy":"product_cat","embeddable":true,"href":"https:\/\/www.livrariarema.com.br\/loja\/wp-json\/wp\/v2\/product_cat?post=176187"},{"taxonomy":"product_tag","embeddable":true,"href":"https:\/\/www.livrariarema.com.br\/loja\/wp-json\/wp\/v2\/product_tag?post=176187"}],"curies":[{"name":"wp","href":"https:\/\/api.w.org\/{rel}","templated":true}]}}